{"id":3096,"date":"2023-11-28T11:26:22","date_gmt":"2023-11-28T10:26:22","guid":{"rendered":"https:\/\/www.efficientatwork.nl\/?page_id=3096"},"modified":"2026-04-29T13:15:36","modified_gmt":"2026-04-29T11:15:36","slug":"cv-poland","status":"publish","type":"page","link":"https:\/\/www.efficientatwork.nl\/nl\/cv-polska\/","title":{"rendered":"Registratieformulier - Polen"},"content":{"rendered":"\t\t<div data-elementor-type=\"wp-page\" data-elementor-id=\"3096\" class=\"elementor elementor-3096\" data-elementor-settings=\"{&quot;ha_cmc_init_switcher&quot;:&quot;no&quot;}\" data-elementor-post-type=\"page\">\n\t\t\t\t\t\t<section class=\"elementor-section elementor-top-section elementor-element elementor-element-604b7982 elementor-section-boxed elementor-section-height-default elementor-section-height-default\" data-id=\"604b7982\" data-element_type=\"section\" data-e-type=\"section\" data-settings=\"{&quot;background_background&quot;:&quot;classic&quot;,&quot;_ha_eqh_enable&quot;:false}\">\n\t\t\t\t\t\t\t<div class=\"elementor-background-overlay\"><\/div>\n\t\t\t\t\t\t\t<div class=\"elementor-container elementor-column-gap-default\">\n\t\t\t\t\t<div class=\"elementor-column elementor-col-100 elementor-top-column elementor-element elementor-element-3d7c0ca\" data-id=\"3d7c0ca\" data-element_type=\"column\" data-e-type=\"column\">\n\t\t\t<div class=\"elementor-widget-wrap\">\n\t\t\t\t\t\t\t<\/div>\n\t\t<\/div>\n\t\t\t\t\t<\/div>\n\t\t<\/section>\n\t\t\t\t<section class=\"elementor-section elementor-top-section elementor-element elementor-element-1bd09c34 elementor-section-boxed elementor-section-height-default elementor-section-height-default\" data-id=\"1bd09c34\" data-element_type=\"section\" data-e-type=\"section\" data-settings=\"{&quot;background_background&quot;:&quot;classic&quot;,&quot;_ha_eqh_enable&quot;:false}\">\n\t\t\t\t\t\t<div class=\"elementor-container elementor-column-gap-default\">\n\t\t\t\t\t<div class=\"elementor-column elementor-col-100 elementor-top-column elementor-element elementor-element-1bc8ab62 elementor-invisible\" data-id=\"1bc8ab62\" data-element_type=\"column\" data-e-type=\"column\" data-settings=\"{&quot;background_background&quot;:&quot;gradient&quot;,&quot;animation&quot;:&quot;fadeInUp&quot;}\">\n\t\t\t<div class=\"elementor-widget-wrap elementor-element-populated\">\n\t\t\t\t\t\t<div class=\"elementor-element elementor-element-1aeb304e elementor-widget-divider--view-line_text elementor-widget-divider--element-align-right elementor-widget elementor-widget-divider\" data-id=\"1aeb304e\" data-element_type=\"widget\" data-e-type=\"widget\" data-widget_type=\"divider.default\">\n\t\t\t\t\t\t\t<div class=\"elementor-divider\">\n\t\t\t<span class=\"elementor-divider-separator\">\n\t\t\t\t\t\t\t<span class=\"elementor-divider__text elementor-divider__element\">\n\t\t\t\tDo\u0142\u0105cz do zespo\u0142u\t\t\t\t<\/span>\n\t\t\t\t\t\t<\/span>\n\t\t<\/div>\n\t\t\t\t\t\t<\/div>\n\t\t\t\t<div class=\"elementor-element elementor-element-360c2cb4 elementor-widget elementor-widget-heading\" data-id=\"360c2cb4\" data-element_type=\"widget\" data-e-type=\"widget\" data-widget_type=\"heading.default\">\n\t\t\t\t\t<h2 class=\"elementor-heading-title elementor-size-default\">Formularz rejestracyjny<\/h2>\t\t\t\t<\/div>\n\t\t\t\t<div class=\"elementor-element elementor-element-439ecf5b elementor-widget elementor-widget-text-editor\" data-id=\"439ecf5b\" data-element_type=\"widget\" data-e-type=\"widget\" data-widget_type=\"text-editor.default\">\n\t\t\t\t\t\t\t\t\t<p>Wype\u0142nij poni\u017csze pola, a my oddzwonimy.<\/p>\t\t\t\t\t\t\t\t<\/div>\n\t\t\t\t<div class=\"elementor-element elementor-element-d5c8e63 elementor-widget elementor-widget-text-editor\" data-id=\"d5c8e63\" data-element_type=\"widget\" data-e-type=\"widget\" data-widget_type=\"text-editor.default\">\n\t\t\t\t\t\t\t\t\t<small>This site is protected by reCAPTCHA and the Google \n    <a href=\"https:\/\/policies.google.com\/privacy\" rel=\"nofollow noopener\" target=\"_blank\">Privacy Policy<\/a> and\n    <a href=\"https:\/\/policies.google.com\/terms\" rel=\"nofollow noopener\" target=\"_blank\">Terms of Service<\/a> apply.\n<\/small>\t\t\t\t\t\t\t\t<\/div>\n\t\t\t\t<div class=\"elementor-element elementor-element-7f8948ea elementor-button-align-center elementor-widget elementor-widget-form\" data-id=\"7f8948ea\" data-element_type=\"widget\" data-e-type=\"widget\" data-settings=\"{&quot;button_width&quot;:&quot;100&quot;,&quot;step_type&quot;:&quot;number_text&quot;,&quot;step_icon_shape&quot;:&quot;circle&quot;}\" data-widget_type=\"form.default\">\n\t\t\t\t\t\t\t<form class=\"elementor-form\" method=\"post\" name=\"Formularz CV - Polska\" aria-label=\"Formularz CV - Polska\">\n\t\t\t<input type=\"hidden\" name=\"post_id\" value=\"3096\"\/>\n\t\t\t<input type=\"hidden\" name=\"form_id\" value=\"7f8948ea\"\/>\n\t\t\t<input type=\"hidden\" name=\"referer_title\" value=\"\" \/>\n\n\t\t\t\n\t\t\t<div class=\"elementor-form-fields-wrapper elementor-labels-above\">\n\t\t\t\t\t\t\t\t<div class=\"elementor-field-type-text elementor-field-group elementor-column elementor-field-group-name elementor-col-50 elementor-field-required elementor-mark-required\">\n\t\t\t\t\t\t\t\t\t\t\t\t<label for=\"form-field-name\" class=\"elementor-field-label\">\n\t\t\t\t\t\t\t\tImi\u0119\t\t\t\t\t\t\t<\/label>\n\t\t\t\t\t\t\t\t\t\t\t\t\t\t<input size=\"1\" type=\"text\" name=\"form_fields[name]\" id=\"form-field-name\" class=\"elementor-field elementor-size-md  elementor-field-textual\" placeholder=\"imi\u0119\" required=\"required\">\n\t\t\t\t\t\t\t\t\t\t\t<\/div>\n\t\t\t\t\t\t\t\t<div class=\"elementor-field-type-text elementor-field-group elementor-column elementor-field-group-Nazwisko elementor-col-50 elementor-field-required elementor-mark-required\">\n\t\t\t\t\t\t\t\t\t\t\t\t<label for=\"form-field-Nazwisko\" class=\"elementor-field-label\">\n\t\t\t\t\t\t\t\tNazwisko\t\t\t\t\t\t\t<\/label>\n\t\t\t\t\t\t\t\t\t\t\t\t\t\t<input size=\"1\" type=\"text\" name=\"form_fields[Nazwisko]\" id=\"form-field-Nazwisko\" class=\"elementor-field elementor-size-md  elementor-field-textual\" placeholder=\"nazwisko\" required=\"required\">\n\t\t\t\t\t\t\t\t\t\t\t<\/div>\n\t\t\t\t\t\t\t\t<div class=\"elementor-field-type-email elementor-field-group elementor-column elementor-field-group-email elementor-col-50 elementor-field-required elementor-mark-required\">\n\t\t\t\t\t\t\t\t\t\t\t\t<label for=\"form-field-email\" class=\"elementor-field-label\">\n\t\t\t\t\t\t\t\tAdres Email\t\t\t\t\t\t\t<\/label>\n\t\t\t\t\t\t\t\t\t\t\t\t\t\t<input size=\"1\" type=\"email\" name=\"form_fields[email]\" id=\"form-field-email\" class=\"elementor-field elementor-size-md  elementor-field-textual\" placeholder=\"adres email\" required=\"required\">\n\t\t\t\t\t\t\t\t\t\t\t<\/div>\n\t\t\t\t\t\t\t\t<div class=\"elementor-field-type-tel elementor-field-group elementor-column elementor-field-group-Tel elementor-col-50 elementor-field-required elementor-mark-required\">\n\t\t\t\t\t\t\t\t\t\t\t\t<label for=\"form-field-Tel\" class=\"elementor-field-label\">\n\t\t\t\t\t\t\t\tNumer telefonu + prefiks kraju\t\t\t\t\t\t\t<\/label>\n\t\t\t\t\t\t\t\t<input size=\"1\" type=\"tel\" name=\"form_fields[Tel]\" id=\"form-field-Tel\" class=\"elementor-field elementor-size-md  elementor-field-textual\" placeholder=\"np. +48 500 100 100\" required=\"required\" pattern=\"[0-9()#&amp;+*-=.]+\" title=\"Alleen nummers en telefoontekens (#, -, *, enz.) worden geaccepteerd.\">\n\n\t\t\t\t\t\t<\/div>\n\t\t\t\t\t\t\t\t<div class=\"elementor-field-type-select elementor-field-group elementor-column elementor-field-group-Drivinglicense elementor-col-50 elementor-field-required elementor-mark-required\">\n\t\t\t\t\t\t\t\t\t\t\t\t<label for=\"form-field-Drivinglicense\" class=\"elementor-field-label\">\n\t\t\t\t\t\t\t\tCzy masz prawo jazdy kat.B?\t\t\t\t\t\t\t<\/label>\n\t\t\t\t\t\t\t\t<div class=\"elementor-field elementor-select-wrapper remove-before \">\n\t\t\t<div class=\"select-caret-down-wrapper\">\n\t\t\t\t<i aria-hidden=\"true\" class=\"eicon-caret-down\"><\/i>\t\t\t<\/div>\n\t\t\t<select name=\"form_fields[Drivinglicense]\" id=\"form-field-Drivinglicense\" class=\"elementor-field-textual elementor-size-md\" required=\"required\">\n\t\t\t\t\t\t\t\t\t<option value=\"\"><\/option>\n\t\t\t\t\t\t\t\t\t<option value=\"Tak\">Tak<\/option>\n\t\t\t\t\t\t\t\t\t<option value=\"Nie\">Nie<\/option>\n\t\t\t\t\t\t\t<\/select>\n\t\t<\/div>\n\t\t\t\t\t\t<\/div>\n\t\t\t\t\t\t\t\t<div class=\"elementor-field-type-text elementor-field-group elementor-column elementor-field-group-dateofbirth elementor-col-50 elementor-field-required elementor-mark-required\">\n\t\t\t\t\t\t\t\t\t\t\t\t<label for=\"form-field-dateofbirth\" class=\"elementor-field-label\">\n\t\t\t\t\t\t\t\tData urodzenia\t\t\t\t\t\t\t<\/label>\n\t\t\t\t\t\t\t\t\t\t\t\t\t\t<input size=\"1\" type=\"text\" name=\"form_fields[dateofbirth]\" id=\"form-field-dateofbirth\" class=\"elementor-field elementor-size-md  elementor-field-textual\" placeholder=\"Data urodzenia\" required=\"required\">\n\t\t\t\t\t\t\t\t\t\t\t<\/div>\n\t\t\t\t\t\t\t\t<div class=\"elementor-field-type-select elementor-field-group elementor-column elementor-field-group-BSN elementor-col-50 elementor-field-required elementor-mark-required\">\n\t\t\t\t\t\t\t\t\t\t\t\t<label for=\"form-field-BSN\" class=\"elementor-field-label\">\n\t\t\t\t\t\t\t\tCzy posiadasz numer BSN w Holandii?\t\t\t\t\t\t\t<\/label>\n\t\t\t\t\t\t\t\t<div class=\"elementor-field elementor-select-wrapper remove-before \">\n\t\t\t<div class=\"select-caret-down-wrapper\">\n\t\t\t\t<i aria-hidden=\"true\" class=\"eicon-caret-down\"><\/i>\t\t\t<\/div>\n\t\t\t<select name=\"form_fields[BSN]\" id=\"form-field-BSN\" class=\"elementor-field-textual elementor-size-md\" required=\"required\">\n\t\t\t\t\t\t\t\t\t<option value=\"\"><\/option>\n\t\t\t\t\t\t\t\t\t<option value=\"Tak\">Tak<\/option>\n\t\t\t\t\t\t\t\t\t<option value=\"Nie\">Nie<\/option>\n\t\t\t\t\t\t\t<\/select>\n\t\t<\/div>\n\t\t\t\t\t\t<\/div>\n\t\t\t\t\t\t\t\t<div class=\"elementor-field-type-select elementor-field-group elementor-column elementor-field-group-Housing elementor-col-50 elementor-field-required elementor-mark-required\">\n\t\t\t\t\t\t\t\t\t\t\t\t<label for=\"form-field-Housing\" class=\"elementor-field-label\">\n\t\t\t\t\t\t\t\tCzy szukasz r\u00f3wnie\u017c zakwaterowania?\t\t\t\t\t\t\t<\/label>\n\t\t\t\t\t\t\t\t<div class=\"elementor-field elementor-select-wrapper remove-before \">\n\t\t\t<div class=\"select-caret-down-wrapper\">\n\t\t\t\t<i aria-hidden=\"true\" class=\"eicon-caret-down\"><\/i>\t\t\t<\/div>\n\t\t\t<select name=\"form_fields[Housing]\" id=\"form-field-Housing\" class=\"elementor-field-textual elementor-size-md\" required=\"required\">\n\t\t\t\t\t\t\t\t\t<option value=\"\"><\/option>\n\t\t\t\t\t\t\t\t\t<option value=\"Tak\">Tak<\/option>\n\t\t\t\t\t\t\t\t\t<option value=\"Nie\">Nie<\/option>\n\t\t\t\t\t\t\t<\/select>\n\t\t<\/div>\n\t\t\t\t\t\t<\/div>\n\t\t\t\t\t\t\t\t<div class=\"elementor-field-type-text elementor-field-group elementor-column elementor-field-group-zipcode elementor-col-50\">\n\t\t\t\t\t\t\t\t\t\t\t\t<label for=\"form-field-zipcode\" class=\"elementor-field-label\">\n\t\t\t\t\t\t\t\tCzy mieszkasz w prywatnym mieszkaniu w Holandii? Podaj sw\u00f3j kod pocztowy. \t\t\t\t\t\t\t<\/label>\n\t\t\t\t\t\t\t\t\t\t\t\t\t\t<input size=\"1\" type=\"text\" name=\"form_fields[zipcode]\" id=\"form-field-zipcode\" class=\"elementor-field elementor-size-md  elementor-field-textual\" placeholder=\"na przyk\u0142ad: 2567KD\">\n\t\t\t\t\t\t\t\t\t\t\t<\/div>\n\t\t\t\t\t\t\t\t<div class=\"elementor-field-type-text elementor-field-group elementor-column elementor-field-group-field_a3fd5fc elementor-col-50 elementor-field-required elementor-mark-required\">\n\t\t\t\t\t\t\t\t\t\t\t\t<label for=\"form-field-field_a3fd5fc\" class=\"elementor-field-label\">\n\t\t\t\t\t\t\t\tW jakim kraju przebywasz obecnie?\t\t\t\t\t\t\t<\/label>\n\t\t\t\t\t\t\t\t\t\t\t\t\t\t<input size=\"1\" type=\"text\" name=\"form_fields[field_a3fd5fc]\" id=\"form-field-field_a3fd5fc\" class=\"elementor-field elementor-size-md  elementor-field-textual\" placeholder=\"Wpisz kraj aktualnego pobuty\" required=\"required\">\n\t\t\t\t\t\t\t\t\t\t\t<\/div>\n\t\t\t\t\t\t\t\t<div class=\"elementor-field-type-select elementor-field-group elementor-column elementor-field-group-Language elementor-col-50 elementor-field-required elementor-mark-required\">\n\t\t\t\t\t\t\t\t\t\t\t\t<label for=\"form-field-Language\" class=\"elementor-field-label\">\n\t\t\t\t\t\t\t\tJaki znasz j\u0119zyk dodatkowy?\t\t\t\t\t\t\t<\/label>\n\t\t\t\t\t\t\t\t<div class=\"elementor-field elementor-select-wrapper remove-before \">\n\t\t\t<div class=\"select-caret-down-wrapper\">\n\t\t\t\t<i aria-hidden=\"true\" class=\"eicon-caret-down\"><\/i>\t\t\t<\/div>\n\t\t\t<select name=\"form_fields[Language]\" id=\"form-field-Language\" class=\"elementor-field-textual elementor-size-md\" required=\"required\">\n\t\t\t\t\t\t\t\t\t<option value=\"Nie znam dodatkowego j\u0119zyka\">Nie znam dodatkowego j\u0119zyka<\/option>\n\t\t\t\t\t\t\t\t\t<option value=\"J\u0119zyk angielski\">J\u0119zyk angielski<\/option>\n\t\t\t\t\t\t\t\t\t<option value=\"J\u0119zyk niemiecki\">J\u0119zyk niemiecki<\/option>\n\t\t\t\t\t\t\t\t\t<option value=\"J\u0119zyk niderlandzki\">J\u0119zyk niderlandzki<\/option>\n\t\t\t\t\t\t\t\t\t<option value=\"J\u0119zyk polski\">J\u0119zyk polski<\/option>\n\t\t\t\t\t\t\t<\/select>\n\t\t<\/div>\n\t\t\t\t\t\t<\/div>\n\t\t\t\t\t\t\t\t<div class=\"elementor-field-type-checkbox elementor-field-group elementor-column elementor-field-group-language_level elementor-col-50\">\n\t\t\t\t\t\t\t\t\t\t\t\t<label for=\"form-field-language_level\" class=\"elementor-field-label\">\n\t\t\t\t\t\t\t\tOkre\u015bl poziom znajomo\u015bci j\u0119zyka obcego\t\t\t\t\t\t\t<\/label>\n\t\t\t\t\t\t<div class=\"elementor-field-subgroup  \"><span class=\"elementor-field-option\"><input type=\"checkbox\" value=\"\u2605\u2729\u2729\u2729\u2729\" id=\"form-field-language_level-0\" name=\"form_fields[language_level][]\"> <label for=\"form-field-language_level-0\">\u2605\u2729\u2729\u2729\u2729<\/label><\/span><span class=\"elementor-field-option\"><input type=\"checkbox\" value=\"\u2605\u2605\u2729\u2729\u2729\" id=\"form-field-language_level-1\" name=\"form_fields[language_level][]\"> <label for=\"form-field-language_level-1\">\u2605\u2605\u2729\u2729\u2729<\/label><\/span><span class=\"elementor-field-option\"><input type=\"checkbox\" value=\"\u2605\u2605\u2605\u2729\u2729\" id=\"form-field-language_level-2\" name=\"form_fields[language_level][]\"> <label for=\"form-field-language_level-2\">\u2605\u2605\u2605\u2729\u2729<\/label><\/span><span class=\"elementor-field-option\"><input type=\"checkbox\" value=\"\u2605\u2605\u2605\u2605\u2729\" id=\"form-field-language_level-3\" name=\"form_fields[language_level][]\"> <label for=\"form-field-language_level-3\">\u2605\u2605\u2605\u2605\u2729<\/label><\/span><\/div>\t\t\t\t<\/div>\n\t\t\t\t\t\t\t\t<div class=\"elementor-field-type-checkbox elementor-field-group elementor-column elementor-field-group-osoby elementor-col-50\">\n\t\t\t\t\t\t\t\t\t\t\t\t<label for=\"form-field-osoby\" class=\"elementor-field-label\">\n\t\t\t\t\t\t\t\tZ kim planujesz wyjecha\u0107\t\t\t\t\t\t\t<\/label>\n\t\t\t\t\t\t<div class=\"elementor-field-subgroup  \"><span class=\"elementor-field-option\"><input type=\"checkbox\" value=\"Sam\/a\" id=\"form-field-osoby-0\" name=\"form_fields[osoby][]\"> <label for=\"form-field-osoby-0\">Sam\/a<\/label><\/span><span class=\"elementor-field-option\"><input type=\"checkbox\" value=\"W parze\" id=\"form-field-osoby-1\" name=\"form_fields[osoby][]\"> <label for=\"form-field-osoby-1\">W parze<\/label><\/span><span class=\"elementor-field-option\"><input type=\"checkbox\" value=\"Z rodzin\u0105\" id=\"form-field-osoby-2\" name=\"form_fields[osoby][]\"> <label for=\"form-field-osoby-2\">Z rodzin\u0105<\/label><\/span><span class=\"elementor-field-option\"><input type=\"checkbox\" value=\"Ze znajomym\/\u0105\" id=\"form-field-osoby-3\" name=\"form_fields[osoby][]\"> <label for=\"form-field-osoby-3\">Ze znajomym\/\u0105<\/label><\/span><\/div>\t\t\t\t<\/div>\n\t\t\t\t\t\t\t\t<div class=\"elementor-field-type-checkbox elementor-field-group elementor-column elementor-field-group-Certyfikaty elementor-col-50\">\n\t\t\t\t\t\t\t\t\t\t\t\t<label for=\"form-field-Certyfikaty\" class=\"elementor-field-label\">\n\t\t\t\t\t\t\t\tDodatkowe Certyfikaty:\t\t\t\t\t\t\t<\/label>\n\t\t\t\t\t\t<div class=\"elementor-field-subgroup  \"><span class=\"elementor-field-option\"><input type=\"checkbox\" value=\"VCA\" id=\"form-field-Certyfikaty-0\" name=\"form_fields[Certyfikaty][]\"> <label for=\"form-field-Certyfikaty-0\">VCA<\/label><\/span><span class=\"elementor-field-option\"><input type=\"checkbox\" value=\"W\u00f3zek wid\u0142owy HT\/RT\" id=\"form-field-Certyfikaty-1\" name=\"form_fields[Certyfikaty][]\"> <label for=\"form-field-Certyfikaty-1\">W\u00f3zek wid\u0142owy HT\/RT<\/label><\/span><span class=\"elementor-field-option\"><input type=\"checkbox\" value=\"W\u00f3zek EPT\" id=\"form-field-Certyfikaty-2\" name=\"form_fields[Certyfikaty][]\"> <label for=\"form-field-Certyfikaty-2\">W\u00f3zek EPT<\/label><\/span><span class=\"elementor-field-option\"><input type=\"checkbox\" value=\"Inne\" id=\"form-field-Certyfikaty-3\" name=\"form_fields[Certyfikaty][]\"> <label for=\"form-field-Certyfikaty-3\">Inne<\/label><\/span><span class=\"elementor-field-option\"><input type=\"checkbox\" value=\"Brak certyfikat\u00f3w\" id=\"form-field-Certyfikaty-4\" name=\"form_fields[Certyfikaty][]\"> <label for=\"form-field-Certyfikaty-4\">Brak certyfikat\u00f3w<\/label><\/span><\/div>\t\t\t\t<\/div>\n\t\t\t\t\t\t\t\t<div class=\"elementor-field-type-checkbox elementor-field-group elementor-column elementor-field-group-Sektor elementor-col-50\">\n\t\t\t\t\t\t\t\t\t\t\t\t<label for=\"form-field-Sektor\" class=\"elementor-field-label\">\n\t\t\t\t\t\t\t\tKt\u00f3ra bran\u017ca Ci\u0119 interesuje?\t\t\t\t\t\t\t<\/label>\n\t\t\t\t\t\t<div class=\"elementor-field-subgroup  \"><span class=\"elementor-field-option\"><input type=\"checkbox\" value=\"Warzywno-owocowa (AGF) \" id=\"form-field-Sektor-0\" name=\"form_fields[Sektor][]\"> <label for=\"form-field-Sektor-0\">Warzywno-owocowa (AGF) <\/label><\/span><span class=\"elementor-field-option\"><input type=\"checkbox\" value=\"Kwiatowa\" id=\"form-field-Sektor-1\" name=\"form_fields[Sektor][]\"> <label for=\"form-field-Sektor-1\">Kwiatowa<\/label><\/span><span class=\"elementor-field-option\"><input type=\"checkbox\" value=\"Spo\u017cywcza\" id=\"form-field-Sektor-2\" name=\"form_fields[Sektor][]\"> <label for=\"form-field-Sektor-2\">Spo\u017cywcza<\/label><\/span><span class=\"elementor-field-option\"><input type=\"checkbox\" value=\"Techniczna\" id=\"form-field-Sektor-3\" name=\"form_fields[Sektor][]\"> <label for=\"form-field-Sektor-3\">Techniczna<\/label><\/span><span class=\"elementor-field-option\"><input type=\"checkbox\" value=\"Produkcja\" id=\"form-field-Sektor-4\" name=\"form_fields[Sektor][]\"> <label for=\"form-field-Sektor-4\">Produkcja<\/label><\/span><span class=\"elementor-field-option\"><input type=\"checkbox\" value=\"Magazyn\" id=\"form-field-Sektor-5\" name=\"form_fields[Sektor][]\"> <label for=\"form-field-Sektor-5\">Magazyn<\/label><\/span><\/div>\t\t\t\t<\/div>\n\t\t\t\t\t\t\t\t<div class=\"elementor-field-type-select elementor-field-group elementor-column elementor-field-group-Byly_pracownik elementor-col-100 elementor-field-required elementor-mark-required\">\n\t\t\t\t\t\t\t\t\t\t\t\t<label for=\"form-field-Byly_pracownik\" class=\"elementor-field-label\">\n\t\t\t\t\t\t\t\tCzy pracowa\u0142e\u015b\/a\u015b dla nas w przesz\u0142o\u015bci? \t\t\t\t\t\t\t<\/label>\n\t\t\t\t\t\t\t\t<div class=\"elementor-field elementor-select-wrapper remove-before \">\n\t\t\t<div class=\"select-caret-down-wrapper\">\n\t\t\t\t<i aria-hidden=\"true\" class=\"eicon-caret-down\"><\/i>\t\t\t<\/div>\n\t\t\t<select name=\"form_fields[Byly_pracownik]\" id=\"form-field-Byly_pracownik\" class=\"elementor-field-textual elementor-size-md\" required=\"required\">\n\t\t\t\t\t\t\t\t\t<option value=\"\"><\/option>\n\t\t\t\t\t\t\t\t\t<option value=\"Tak\">Tak<\/option>\n\t\t\t\t\t\t\t\t\t<option value=\"Nie\">Nie<\/option>\n\t\t\t\t\t\t\t<\/select>\n\t\t<\/div>\n\t\t\t\t\t\t<\/div>\n\t\t\t\t\t\t\t\t<div class=\"elementor-field-type-textarea elementor-field-group elementor-column elementor-field-group-opis elementor-col-100 elementor-field-required elementor-mark-required\">\n\t\t\t\t\t\t\t\t\t\t\t\t<label for=\"form-field-opis\" class=\"elementor-field-label\">\n\t\t\t\t\t\t\t\tTwoje do\u015bwiadczenie\t\t\t\t\t\t\t<\/label>\n\t\t\t\t\t\t<textarea class=\"elementor-field-textual elementor-field  elementor-size-md\" name=\"form_fields[opis]\" id=\"form-field-opis\" rows=\"4\" placeholder=\"Opisz swoje do\u015bwiadczenie i umiej\u0119tno\u015bci oraz podaj nazw\u0119 ostatniego pracodawcy lub agencji pracy. \" required=\"required\"><\/textarea>\t\t\t\t<\/div>\n\t\t\t\t\t\t\t\t<div class=\"elementor-field-type-upload elementor-field-group elementor-column elementor-field-group-CV elementor-col-50\">\n\t\t\t\t\t\t\t\t\t\t\t\t<label for=\"form-field-CV\" class=\"elementor-field-label\">\n\t\t\t\t\t\t\t\tPosiadasz aktualne CV? Wy\u015blij je do nas aby u\u0142atwi\u0107 proces rekrutacji. \t\t\t\t\t\t\t<\/label>\n\t\t\t\t\t\t\t\t<input type=\"file\" name=\"form_fields[CV][]\" id=\"form-field-CV\" class=\"elementor-field elementor-size-md  elementor-upload-field\" multiple=\"multiple\" data-maxsize=\"6\" data-maxsize-message=\"Dit bestand overschrijdt de maximaal toegestane grootte.\">\n\n\t\t\t\t\t\t<\/div>\n\t\t\t\t\t\t\t\t<div class=\"elementor-field-type-upload elementor-field-group elementor-column elementor-field-group-foto elementor-col-50 elementor-field-required elementor-mark-required\">\n\t\t\t\t\t\t\t\t\t\t\t\t<label for=\"form-field-foto\" class=\"elementor-field-label\">\n\t\t\t\t\t\t\t\tWy\u015blij swoje zdj\u0119cie\t\t\t\t\t\t\t<\/label>\n\t\t\t\t\t\t\t\t<input type=\"file\" name=\"form_fields[foto]\" id=\"form-field-foto\" class=\"elementor-field elementor-size-md  elementor-upload-field\" required=\"required\" data-maxsize=\"5\" data-maxsize-message=\"Dit bestand overschrijdt de maximaal toegestane grootte.\">\n\n\t\t\t\t\t\t<\/div>\n\t\t\t\t\t\t\t\t<div class=\"elementor-field-type-acceptance elementor-field-group elementor-column elementor-field-group-Policy elementor-col-100 elementor-field-required elementor-mark-required\">\n\t\t\t\t\t\t\t\t\t\t\t\t<label for=\"form-field-Policy\" class=\"elementor-field-label\">\n\t\t\t\t\t\t\t\tZgoda\t\t\t\t\t\t\t<\/label>\n\t\t\t\t\t\t\t\t<div class=\"elementor-field-subgroup\">\n\t\t\t<span class=\"elementor-field-option\">\n\t\t\t\t<input type=\"checkbox\" name=\"form_fields[Policy]\" id=\"form-field-Policy\" class=\"elementor-field elementor-size-md  elementor-acceptance-field\" required=\"required\">\n\t\t\t\t<label for=\"form-field-Policy\">Zapozna\u0142em si\u0119 i akceptuj\u0119 <a href=\"https:\/\/www.efficientatwork.nl\/nl\/privacybeleid\/\" style=\"color:#fff!important;border-bottom:1px solid #fff;\">polityk\u0119 prywatno\u015bci<\/a> <\/label>\t\t\t<\/span>\n\t\t<\/div>\n\t\t\t\t\t\t<\/div>\n\t\t\t\t\t\t\t\t<div class=\"elementor-field-type-recaptcha elementor-field-group elementor-column elementor-field-group-field_e1a90d3 elementor-col-100\">\n\t\t\t\t\t<div class=\"elementor-field\" id=\"form-field-field_e1a90d3\"><div class=\"elementor-g-recaptcha\" data-sitekey=\"6LdITdAsAAAAAALgD4HI7rEt1xXzLnXnOldyTGkc\" data-type=\"v2_checkbox\" data-theme=\"light\" data-size=\"normal\"><\/div><\/div>\t\t\t\t<\/div>\n\t\t\t\t\t\t\t\t<div class=\"elementor-field-type-hidden elementor-field-group elementor-column elementor-field-group-data_wysylki elementor-col-100\">\n\t\t\t\t\t\t\t\t\t\t\t\t\t<input size=\"1\" type=\"hidden\" name=\"form_fields[data_wysylki]\" id=\"form-field-data_wysylki\" class=\"elementor-field elementor-size-md  elementor-field-textual\" value=\"05\/02\/2026 7:40 pm\">\n\t\t\t\t\t\t\t\t\t\t\t<\/div>\n\t\t\t\t\t\t\t\t<div class=\"elementor-field-group elementor-column elementor-field-type-submit elementor-col-100 e-form__buttons\">\n\t\t\t\t\t<button class=\"elementor-button elementor-size-md\" type=\"submit\">\n\t\t\t\t\t\t<span class=\"elementor-button-content-wrapper\">\n\t\t\t\t\t\t\t\t\t\t\t\t\t\t\t\t\t\t\t\t\t\t<span class=\"elementor-button-text\">Wy\u015blij aplikacj\u0119 o prac\u0119<\/span>\n\t\t\t\t\t\t\t\t\t\t\t\t\t<\/span>\n\t\t\t\t\t<\/button>\n\t\t\t\t<\/div>\n\t\t\t<\/div>\n\t\t<\/form>\n\t\t\t\t\t\t<\/div>\n\t\t\t\t<div class=\"elementor-element elementor-element-d24f566 elementor-widget elementor-widget-spacer\" data-id=\"d24f566\" data-element_type=\"widget\" data-e-type=\"widget\" data-widget_type=\"spacer.default\">\n\t\t\t\t\t\t\t<div class=\"elementor-spacer\">\n\t\t\t<div class=\"elementor-spacer-inner\"><\/div>\n\t\t<\/div>\n\t\t\t\t\t\t<\/div>\n\t\t\t\t\t<\/div>\n\t\t<\/div>\n\t\t\t\t\t<\/div>\n\t\t<\/section>\n\t\t\t\t<\/div>\n\t\t","protected":false},"excerpt":{"rendered":"<p>Word lid van het team Registratieformulier Vul de onderstaande velden in en we nemen contact met je op. Deze site wordt beschermd door reCAPTCHA en het privacybeleid en de servicevoorwaarden van Google zijn van toepassing.<\/p>","protected":false},"author":5,"featured_media":4622,"parent":0,"menu_order":0,"comment_status":"closed","ping_status":"closed","template":"elementor_header_footer","meta":{"_acf_changed":false,"footnotes":""},"class_list":["post-3096","page","type-page","status-publish","has-post-thumbnail","hentry"],"acf":[],"_links":{"self":[{"href":"https:\/\/www.efficientatwork.nl\/nl\/wp-json\/wp\/v2\/pages\/3096","targetHints":{"allow":["GET"]}}],"collection":[{"href":"https:\/\/www.efficientatwork.nl\/nl\/wp-json\/wp\/v2\/pages"}],"about":[{"href":"https:\/\/www.efficientatwork.nl\/nl\/wp-json\/wp\/v2\/types\/page"}],"author":[{"embeddable":true,"href":"https:\/\/www.efficientatwork.nl\/nl\/wp-json\/wp\/v2\/users\/5"}],"replies":[{"embeddable":true,"href":"https:\/\/www.efficientatwork.nl\/nl\/wp-json\/wp\/v2\/comments?post=3096"}],"version-history":[{"count":273,"href":"https:\/\/www.efficientatwork.nl\/nl\/wp-json\/wp\/v2\/pages\/3096\/revisions"}],"predecessor-version":[{"id":5910,"href":"https:\/\/www.efficientatwork.nl\/nl\/wp-json\/wp\/v2\/pages\/3096\/revisions\/5910"}],"wp:featuredmedia":[{"embeddable":true,"href":"https:\/\/www.efficientatwork.nl\/nl\/wp-json\/wp\/v2\/media\/4622"}],"wp:attachment":[{"href":"https:\/\/www.efficientatwork.nl\/nl\/wp-json\/wp\/v2\/media?parent=3096"}],"curies":[{"name":"wp","href":"https:\/\/api.w.org\/{rel}","templated":true}]}}