{"id":1276,"date":"2023-08-29T08:15:56","date_gmt":"2023-08-29T08:15:56","guid":{"rendered":"https:\/\/eaw.budujemywww.pl\/?page_id=1276"},"modified":"2024-11-05T08:21:04","modified_gmt":"2024-11-05T07:21:04","slug":"productie","status":"publish","type":"page","link":"https:\/\/www.efficientatwork.nl\/ro\/production\/","title":{"rendered":"Lucrul \u00een industria prelucr\u0103toare"},"content":{"rendered":"\t\t<div data-elementor-type=\"wp-page\" data-elementor-id=\"1276\" class=\"elementor elementor-1276\" data-elementor-settings=\"{&quot;ha_cmc_init_switcher&quot;:&quot;no&quot;}\" data-elementor-post-type=\"page\">\n\t\t\t\t\t\t<section class=\"elementor-section elementor-top-section elementor-element elementor-element-4212170 elementor-section-boxed elementor-section-height-default elementor-section-height-default\" data-id=\"4212170\" data-element_type=\"section\" data-e-type=\"section\" data-settings=\"{&quot;background_background&quot;:&quot;classic&quot;,&quot;_ha_eqh_enable&quot;:false}\">\n\t\t\t\t\t\t\t<div class=\"elementor-background-overlay\"><\/div>\n\t\t\t\t\t\t\t<div class=\"elementor-container elementor-column-gap-default\">\n\t\t\t\t\t<div class=\"elementor-column elementor-col-100 elementor-top-column elementor-element elementor-element-50cc228d\" data-id=\"50cc228d\" data-element_type=\"column\" data-e-type=\"column\">\n\t\t\t<div class=\"elementor-widget-wrap elementor-element-populated\">\n\t\t\t\t\t\t<div class=\"elementor-element elementor-element-19048628 elementor-widget elementor-widget-heading\" data-id=\"19048628\" data-element_type=\"widget\" data-e-type=\"widget\" data-widget_type=\"heading.default\">\n\t\t\t\t\t<h2 class=\"elementor-heading-title elementor-size-default\">Praca<\/h2>\t\t\t\t<\/div>\n\t\t\t\t<div class=\"elementor-element elementor-element-4d30f1bc elementor-widget elementor-widget-heading\" data-id=\"4d30f1bc\" data-element_type=\"widget\" data-e-type=\"widget\" data-widget_type=\"heading.default\">\n\t\t\t\t\t<h2 class=\"elementor-heading-title elementor-size-default\">Bran\u017ca produkcyjna<\/h2>\t\t\t\t<\/div>\n\t\t\t\t\t<\/div>\n\t\t<\/div>\n\t\t\t\t\t<\/div>\n\t\t<\/section>\n\t\t\t\t<section class=\"elementor-section elementor-top-section elementor-element elementor-element-48366d0f elementor-section-boxed elementor-section-height-default elementor-section-height-default\" data-id=\"48366d0f\" data-element_type=\"section\" data-e-type=\"section\" data-settings=\"{&quot;background_background&quot;:&quot;classic&quot;,&quot;_ha_eqh_enable&quot;:false}\">\n\t\t\t\t\t\t\t<div class=\"elementor-background-overlay\"><\/div>\n\t\t\t\t\t\t\t<div class=\"elementor-container elementor-column-gap-default\">\n\t\t\t\t\t<div class=\"elementor-column elementor-col-50 elementor-top-column elementor-element elementor-element-172deb76\" data-id=\"172deb76\" data-element_type=\"column\" data-e-type=\"column\" data-settings=\"{&quot;background_background&quot;:&quot;classic&quot;}\">\n\t\t\t<div class=\"elementor-widget-wrap elementor-element-populated\">\n\t\t\t\t\t\t<section class=\"elementor-section elementor-inner-section elementor-element elementor-element-76ca4081 elementor-section-boxed elementor-section-height-default elementor-section-height-default\" data-id=\"76ca4081\" data-element_type=\"section\" data-e-type=\"section\" data-settings=\"{&quot;motion_fx_motion_fx_scrolling&quot;:&quot;yes&quot;,&quot;motion_fx_translateY_effect&quot;:&quot;yes&quot;,&quot;motion_fx_translateY_speed&quot;:{&quot;unit&quot;:&quot;px&quot;,&quot;size&quot;:3,&quot;sizes&quot;:[]},&quot;motion_fx_devices&quot;:[&quot;desktop&quot;,&quot;tablet&quot;],&quot;_ha_eqh_enable&quot;:false,&quot;motion_fx_translateY_affectedRange&quot;:{&quot;unit&quot;:&quot;%&quot;,&quot;size&quot;:&quot;&quot;,&quot;sizes&quot;:{&quot;start&quot;:0,&quot;end&quot;:100}}}\">\n\t\t\t\t\t\t<div class=\"elementor-container elementor-column-gap-default\">\n\t\t\t\t\t<div class=\"elementor-column elementor-col-100 elementor-inner-column elementor-element elementor-element-53716512\" data-id=\"53716512\" data-element_type=\"column\" data-e-type=\"column\">\n\t\t\t<div class=\"elementor-widget-wrap elementor-element-populated\">\n\t\t\t\t\t\t<div class=\"elementor-element elementor-element-7637f982 elementor-widget elementor-widget-image\" data-id=\"7637f982\" data-element_type=\"widget\" data-e-type=\"widget\" data-widget_type=\"image.default\">\n\t\t\t\t\t\t\t\t\t\t\t\t\t\t\t<img fetchpriority=\"high\" decoding=\"async\" width=\"1709\" height=\"2560\" src=\"https:\/\/www.efficientatwork.nl\/wp-content\/uploads\/2023\/09\/Groepsfoto-scaled.jpg\" class=\"attachment-full size-full wp-image-1479\" alt=\"\" srcset=\"https:\/\/www.efficientatwork.nl\/wp-content\/uploads\/2023\/09\/Groepsfoto-scaled.jpg 1709w, https:\/\/www.efficientatwork.nl\/wp-content\/uploads\/2023\/09\/Groepsfoto-200x300.jpg 200w, https:\/\/www.efficientatwork.nl\/wp-content\/uploads\/2023\/09\/Groepsfoto-684x1024.jpg 684w, https:\/\/www.efficientatwork.nl\/wp-content\/uploads\/2023\/09\/Groepsfoto-768x1151.jpg 768w, https:\/\/www.efficientatwork.nl\/wp-content\/uploads\/2023\/09\/Groepsfoto-1025x1536.jpg 1025w, https:\/\/www.efficientatwork.nl\/wp-content\/uploads\/2023\/09\/Groepsfoto-1367x2048.jpg 1367w\" sizes=\"(max-width: 1709px) 100vw, 1709px\" title=\"\">\t\t\t\t\t\t\t\t\t\t\t\t\t\t\t<\/div>\n\t\t\t\t\t<\/div>\n\t\t<\/div>\n\t\t\t\t\t<\/div>\n\t\t<\/section>\n\t\t\t\t\t<\/div>\n\t\t<\/div>\n\t\t\t\t<div class=\"elementor-column elementor-col-50 elementor-top-column elementor-element elementor-element-4b0a4096\" data-id=\"4b0a4096\" data-element_type=\"column\" data-e-type=\"column\">\n\t\t\t<div class=\"elementor-widget-wrap elementor-element-populated\">\n\t\t\t\t\t\t<div class=\"elementor-element elementor-element-62c42ebf elementor-widget elementor-widget-heading\" data-id=\"62c42ebf\" data-element_type=\"widget\" data-e-type=\"widget\" data-widget_type=\"heading.default\">\n\t\t\t\t\t<h2 class=\"elementor-heading-title elementor-size-default\">Skr\u0119canie podzespo\u0142\u00f3w<\/h2>\t\t\t\t<\/div>\n\t\t\t\t<div class=\"elementor-element elementor-element-7efe0b9e elementor-widget elementor-widget-text-editor\" data-id=\"7efe0b9e\" data-element_type=\"widget\" data-e-type=\"widget\" data-widget_type=\"text-editor.default\">\n\t\t\t\t\t\t\t\t\t<p>Nasza firma produkcyjna Efficient Projects to firma o wieloletniej tradycji, kt\u00f3ra oferuje r\u00f3\u017cnorodne stanowiska pracy zwi\u0105zane z monta\u017cem ma\u0142ych podzespo\u0142\u00f3w metalowo-plastikowych. Dla naszych pracownik\u00f3w otwieraj\u0105 si\u0119 mo\u017cliwo\u015bci rozwoju i stabilnego zatrudnienia. Do\u0142\u0105czaj\u0105c do naszego zespo\u0142u, b\u0119dziesz mia\u0142 okazj\u0119 zdoby\u0107 cenne do\u015bwiadczenie i rozwija\u0107 umiej\u0119tno\u015bci na stanowiskach pracy, kt\u00f3re maj\u0105 kluczowe znaczenie w produkcji.\u00a0<\/p>\t\t\t\t\t\t\t\t<\/div>\n\t\t\t\t<div class=\"elementor-element elementor-element-1455da66 elementor-widget elementor-widget-button\" data-id=\"1455da66\" data-element_type=\"widget\" data-e-type=\"widget\" data-widget_type=\"button.default\">\n\t\t\t\t\t\t\t\t\t\t<a class=\"elementor-button elementor-button-link elementor-size-sm\" href=\"https:\/\/www.efficientatwork.nl\/all-job-offers\/\">\n\t\t\t\t\t\t<span class=\"elementor-button-content-wrapper\">\n\t\t\t\t\t\t\t\t\t<span class=\"elementor-button-text\">Og\u0142oszenia o prac\u0119<\/span>\n\t\t\t\t\t<\/span>\n\t\t\t\t\t<\/a>\n\t\t\t\t\t\t\t\t<\/div>\n\t\t\t\t\t<\/div>\n\t\t<\/div>\n\t\t\t\t\t<\/div>\n\t\t<\/section>\n\t\t\t\t<section class=\"elementor-section elementor-top-section elementor-element elementor-element-3af18f6f elementor-reverse-mobile elementor-section-boxed elementor-section-height-default elementor-section-height-default\" data-id=\"3af18f6f\" data-element_type=\"section\" data-e-type=\"section\" data-settings=\"{&quot;background_background&quot;:&quot;classic&quot;,&quot;_ha_eqh_enable&quot;:false}\">\n\t\t\t\t\t\t\t<div class=\"elementor-background-overlay\"><\/div>\n\t\t\t\t\t\t\t<div class=\"elementor-container elementor-column-gap-default\">\n\t\t\t\t\t<div class=\"elementor-column elementor-col-50 elementor-top-column elementor-element elementor-element-11135b13\" data-id=\"11135b13\" data-element_type=\"column\" data-e-type=\"column\">\n\t\t\t<div class=\"elementor-widget-wrap elementor-element-populated\">\n\t\t\t\t\t\t<div class=\"elementor-element elementor-element-94634de elementor-widget elementor-widget-heading\" data-id=\"94634de\" data-element_type=\"widget\" data-e-type=\"widget\" data-widget_type=\"heading.default\">\n\t\t\t\t\t<h2 class=\"elementor-heading-title elementor-size-default\">Pakowanie i paletowanie<\/h2>\t\t\t\t<\/div>\n\t\t\t\t<div class=\"elementor-element elementor-element-28908c65 elementor-widget elementor-widget-text-editor\" data-id=\"28908c65\" data-element_type=\"widget\" data-e-type=\"widget\" data-widget_type=\"text-editor.default\">\n\t\t\t\t\t\t\t\t\t<p>W dziale pakowania i paletowania oczekujemy od pracownik\u00f3w pe\u0142nego zaanga\u017cowania i energii. Te stanowiska wymagaj\u0105 cz\u0119sto wysi\u0142ku fizycznego. Nasi pracownicy dbaj\u0105 o precyzyjne i staranne pakowanie naszych produkt\u00f3w oraz ich odpowiednie przygotowanie do transportu. Je\u015bli jeste\u015b osob\u0105 pe\u0142n\u0105 energii i gotow\u0105 do pracy, to mo\u017ce to by\u0107 idealne stanowisko dla Ciebie.\u00a0<\/p>\t\t\t\t\t\t\t\t<\/div>\n\t\t\t\t<div class=\"elementor-element elementor-element-ec182c5 elementor-widget elementor-widget-button\" data-id=\"ec182c5\" data-element_type=\"widget\" data-e-type=\"widget\" data-widget_type=\"button.default\">\n\t\t\t\t\t\t\t\t\t\t<a class=\"elementor-button elementor-button-link elementor-size-sm\" href=\"https:\/\/www.efficientatwork.nl\/all-job-offers\/\">\n\t\t\t\t\t\t<span class=\"elementor-button-content-wrapper\">\n\t\t\t\t\t\t\t\t\t<span class=\"elementor-button-text\">Og\u0142oszenia o prac\u0119<\/span>\n\t\t\t\t\t<\/span>\n\t\t\t\t\t<\/a>\n\t\t\t\t\t\t\t\t<\/div>\n\t\t\t\t\t<\/div>\n\t\t<\/div>\n\t\t\t\t<div class=\"elementor-column elementor-col-50 elementor-top-column elementor-element elementor-element-7ddb5d45\" data-id=\"7ddb5d45\" data-element_type=\"column\" data-e-type=\"column\" data-settings=\"{&quot;background_background&quot;:&quot;classic&quot;}\">\n\t\t\t<div class=\"elementor-widget-wrap elementor-element-populated\">\n\t\t\t\t\t\t<section class=\"elementor-section elementor-inner-section elementor-element elementor-element-31d3da49 elementor-section-boxed elementor-section-height-default elementor-section-height-default\" data-id=\"31d3da49\" data-element_type=\"section\" data-e-type=\"section\" data-settings=\"{&quot;motion_fx_motion_fx_scrolling&quot;:&quot;yes&quot;,&quot;motion_fx_translateY_effect&quot;:&quot;yes&quot;,&quot;motion_fx_translateY_speed&quot;:{&quot;unit&quot;:&quot;px&quot;,&quot;size&quot;:3,&quot;sizes&quot;:[]},&quot;motion_fx_devices&quot;:[&quot;desktop&quot;,&quot;tablet&quot;],&quot;_ha_eqh_enable&quot;:false,&quot;motion_fx_translateY_affectedRange&quot;:{&quot;unit&quot;:&quot;%&quot;,&quot;size&quot;:&quot;&quot;,&quot;sizes&quot;:{&quot;start&quot;:0,&quot;end&quot;:100}}}\">\n\t\t\t\t\t\t<div class=\"elementor-container elementor-column-gap-default\">\n\t\t\t\t\t<div class=\"elementor-column elementor-col-100 elementor-inner-column elementor-element elementor-element-6a9d7465\" data-id=\"6a9d7465\" data-element_type=\"column\" data-e-type=\"column\">\n\t\t\t<div class=\"elementor-widget-wrap elementor-element-populated\">\n\t\t\t\t\t\t<div class=\"elementor-element elementor-element-67e4b399 elementor-widget elementor-widget-image\" data-id=\"67e4b399\" data-element_type=\"widget\" data-e-type=\"widget\" data-widget_type=\"image.default\">\n\t\t\t\t\t\t\t\t\t\t\t\t\t\t\t<img decoding=\"async\" width=\"2000\" height=\"1333\" src=\"https:\/\/www.efficientatwork.nl\/wp-content\/uploads\/2023\/09\/employee-in-from-behind-working-on-modern-factory-or-warehouse-using-hand-pallet-truck-jack-.jpg\" class=\"attachment-full size-full wp-image-1486\" alt=\"Employee in from behind working on modern factory or warehouse using hand pallet truck jack.\" srcset=\"https:\/\/www.efficientatwork.nl\/wp-content\/uploads\/2023\/09\/employee-in-from-behind-working-on-modern-factory-or-warehouse-using-hand-pallet-truck-jack-.jpg 2000w, https:\/\/www.efficientatwork.nl\/wp-content\/uploads\/2023\/09\/employee-in-from-behind-working-on-modern-factory-or-warehouse-using-hand-pallet-truck-jack--300x200.jpg 300w, https:\/\/www.efficientatwork.nl\/wp-content\/uploads\/2023\/09\/employee-in-from-behind-working-on-modern-factory-or-warehouse-using-hand-pallet-truck-jack--1024x682.jpg 1024w, https:\/\/www.efficientatwork.nl\/wp-content\/uploads\/2023\/09\/employee-in-from-behind-working-on-modern-factory-or-warehouse-using-hand-pallet-truck-jack--768x512.jpg 768w, https:\/\/www.efficientatwork.nl\/wp-content\/uploads\/2023\/09\/employee-in-from-behind-working-on-modern-factory-or-warehouse-using-hand-pallet-truck-jack--1536x1024.jpg 1536w\" sizes=\"(max-width: 2000px) 100vw, 2000px\" title=\"\">\t\t\t\t\t\t\t\t\t\t\t\t\t\t\t<\/div>\n\t\t\t\t\t<\/div>\n\t\t<\/div>\n\t\t\t\t\t<\/div>\n\t\t<\/section>\n\t\t\t\t\t<\/div>\n\t\t<\/div>\n\t\t\t\t\t<\/div>\n\t\t<\/section>\n\t\t\t\t<section class=\"elementor-section elementor-top-section elementor-element elementor-element-0795b11 elementor-section-boxed elementor-section-height-default elementor-section-height-default\" data-id=\"0795b11\" data-element_type=\"section\" data-e-type=\"section\" data-settings=\"{&quot;background_background&quot;:&quot;classic&quot;,&quot;_ha_eqh_enable&quot;:false}\">\n\t\t\t\t\t\t\t<div class=\"elementor-background-overlay\"><\/div>\n\t\t\t\t\t\t\t<div class=\"elementor-container elementor-column-gap-default\">\n\t\t\t\t\t<div class=\"elementor-column elementor-col-50 elementor-top-column elementor-element elementor-element-6b075f6\" data-id=\"6b075f6\" data-element_type=\"column\" data-e-type=\"column\" data-settings=\"{&quot;background_background&quot;:&quot;classic&quot;}\">\n\t\t\t<div class=\"elementor-widget-wrap elementor-element-populated\">\n\t\t\t\t\t\t<section class=\"elementor-section elementor-inner-section elementor-element elementor-element-4325d25 elementor-section-boxed elementor-section-height-default elementor-section-height-default\" data-id=\"4325d25\" data-element_type=\"section\" data-e-type=\"section\" data-settings=\"{&quot;motion_fx_motion_fx_scrolling&quot;:&quot;yes&quot;,&quot;motion_fx_translateY_effect&quot;:&quot;yes&quot;,&quot;motion_fx_translateY_speed&quot;:{&quot;unit&quot;:&quot;px&quot;,&quot;size&quot;:3,&quot;sizes&quot;:[]},&quot;motion_fx_devices&quot;:[&quot;desktop&quot;,&quot;tablet&quot;],&quot;_ha_eqh_enable&quot;:false,&quot;motion_fx_translateY_affectedRange&quot;:{&quot;unit&quot;:&quot;%&quot;,&quot;size&quot;:&quot;&quot;,&quot;sizes&quot;:{&quot;start&quot;:0,&quot;end&quot;:100}}}\">\n\t\t\t\t\t\t<div class=\"elementor-container elementor-column-gap-default\">\n\t\t\t\t\t<div class=\"elementor-column elementor-col-100 elementor-inner-column elementor-element elementor-element-851de95\" data-id=\"851de95\" data-element_type=\"column\" data-e-type=\"column\">\n\t\t\t<div class=\"elementor-widget-wrap elementor-element-populated\">\n\t\t\t\t\t\t<div class=\"elementor-element elementor-element-48c5511 elementor-widget elementor-widget-image\" data-id=\"48c5511\" data-element_type=\"widget\" data-e-type=\"widget\" data-widget_type=\"image.default\">\n\t\t\t\t\t\t\t\t\t\t\t\t\t\t\t<img decoding=\"async\" width=\"2000\" height=\"1333\" src=\"https:\/\/www.efficientatwork.nl\/wp-content\/uploads\/2023\/09\/storehouse-employee-in-uniform-working-on-forklift-in-modern-automatic-warehouse.jpg\" class=\"attachment-full size-full wp-image-1487\" alt=\"Storehouse employee in uniform working on forklift in modern automatic warehouse\" srcset=\"https:\/\/www.efficientatwork.nl\/wp-content\/uploads\/2023\/09\/storehouse-employee-in-uniform-working-on-forklift-in-modern-automatic-warehouse.jpg 2000w, https:\/\/www.efficientatwork.nl\/wp-content\/uploads\/2023\/09\/storehouse-employee-in-uniform-working-on-forklift-in-modern-automatic-warehouse-300x200.jpg 300w, https:\/\/www.efficientatwork.nl\/wp-content\/uploads\/2023\/09\/storehouse-employee-in-uniform-working-on-forklift-in-modern-automatic-warehouse-1024x682.jpg 1024w, https:\/\/www.efficientatwork.nl\/wp-content\/uploads\/2023\/09\/storehouse-employee-in-uniform-working-on-forklift-in-modern-automatic-warehouse-768x512.jpg 768w, https:\/\/www.efficientatwork.nl\/wp-content\/uploads\/2023\/09\/storehouse-employee-in-uniform-working-on-forklift-in-modern-automatic-warehouse-1536x1024.jpg 1536w\" sizes=\"(max-width: 2000px) 100vw, 2000px\" title=\"\">\t\t\t\t\t\t\t\t\t\t\t\t\t\t\t<\/div>\n\t\t\t\t\t<\/div>\n\t\t<\/div>\n\t\t\t\t\t<\/div>\n\t\t<\/section>\n\t\t\t\t\t<\/div>\n\t\t<\/div>\n\t\t\t\t<div class=\"elementor-column elementor-col-50 elementor-top-column elementor-element elementor-element-1ab1e3a\" data-id=\"1ab1e3a\" data-element_type=\"column\" data-e-type=\"column\">\n\t\t\t<div class=\"elementor-widget-wrap elementor-element-populated\">\n\t\t\t\t\t\t<div class=\"elementor-element elementor-element-4f03303 elementor-widget elementor-widget-heading\" data-id=\"4f03303\" data-element_type=\"widget\" data-e-type=\"widget\" data-widget_type=\"heading.default\">\n\t\t\t\t\t<h2 class=\"elementor-heading-title elementor-size-default\">Transport towar\u00f3w<\/h2>\t\t\t\t<\/div>\n\t\t\t\t<div class=\"elementor-element elementor-element-78625e5 elementor-widget elementor-widget-text-editor\" data-id=\"78625e5\" data-element_type=\"widget\" data-e-type=\"widget\" data-widget_type=\"text-editor.default\">\n\t\t\t\t\t\t\t\t\t<p>Poszukujemy kierowc\u00f3w w\u00f3zk\u00f3w wid\u0142owych, zar\u00f3wno&nbsp; standardowych, jak i bocznych. Je\u015bli masz holenderskie uprawnienia do obs\u0142ugi w\u00f3zka wid\u0142owego, to jest to dla Ciebie du\u017cy plus. Twoje g\u0142\u00f3wne zadania to precyzyjny za\u0142adunek i roz\u0142adunek towar\u00f3w, oraz dbanie o ich w\u0142a\u015bciwe rozmieszczenie i zabezpieczenie na paletach. Je\u015bli jeste\u015b odpowiedzialn\u0105 osob\u0105 gotow\u0105 do pracy w zespole, to zapraszamy do kontaktu.&nbsp;<\/p>\t\t\t\t\t\t\t\t<\/div>\n\t\t\t\t<div class=\"elementor-element elementor-element-9e90bce elementor-widget elementor-widget-button\" data-id=\"9e90bce\" data-element_type=\"widget\" data-e-type=\"widget\" data-widget_type=\"button.default\">\n\t\t\t\t\t\t\t\t\t\t<a class=\"elementor-button elementor-button-link elementor-size-sm\" href=\"https:\/\/www.efficientatwork.nl\/all-job-offers\/\">\n\t\t\t\t\t\t<span class=\"elementor-button-content-wrapper\">\n\t\t\t\t\t\t\t\t\t<span class=\"elementor-button-text\">Og\u0142oszenia o prac\u0119<\/span>\n\t\t\t\t\t<\/span>\n\t\t\t\t\t<\/a>\n\t\t\t\t\t\t\t\t<\/div>\n\t\t\t\t\t<\/div>\n\t\t<\/div>\n\t\t\t\t\t<\/div>\n\t\t<\/section>\n\t\t\t\t<section class=\"elementor-section elementor-top-section elementor-element elementor-element-627d3d2b elementor-section-boxed elementor-section-height-default elementor-section-height-default\" data-id=\"627d3d2b\" data-element_type=\"section\" data-e-type=\"section\" data-settings=\"{&quot;background_background&quot;:&quot;classic&quot;,&quot;_ha_eqh_enable&quot;:false}\">\n\t\t\t\t\t\t\t<div class=\"elementor-background-overlay\"><\/div>\n\t\t\t\t\t\t\t<div class=\"elementor-container elementor-column-gap-default\">\n\t\t\t\t\t<div class=\"elementor-column elementor-col-100 elementor-top-column elementor-element elementor-element-7214ebb\" data-id=\"7214ebb\" data-element_type=\"column\" data-e-type=\"column\">\n\t\t\t<div class=\"elementor-widget-wrap elementor-element-populated\">\n\t\t\t\t\t\t<div class=\"elementor-element elementor-element-540969a4 elementor-widget elementor-widget-heading\" data-id=\"540969a4\" data-element_type=\"widget\" data-e-type=\"widget\" data-widget_type=\"heading.default\">\n\t\t\t\t\t<h2 class=\"elementor-heading-title elementor-size-default\">Szukasz pracy w tym sektorze?<\/h2>\t\t\t\t<\/div>\n\t\t\t\t<div class=\"elementor-element elementor-element-239ac848 elementor-widget elementor-widget-text-editor\" data-id=\"239ac848\" data-element_type=\"widget\" data-e-type=\"widget\" data-widget_type=\"text-editor.default\">\n\t\t\t\t\t\t\t\t\t<p>Wype\u0142nij nasz szybki formularz.&nbsp;<\/p><p>Nasz rekruter odezwie si\u0119 do Ciebie tak szybko, jak to mo\u017cliwe.&nbsp;<\/p>\t\t\t\t\t\t\t\t<\/div>\n\t\t\t\t<div class=\"elementor-element elementor-element-160e764f elementor-align-center elementor-widget elementor-widget-button\" data-id=\"160e764f\" data-element_type=\"widget\" data-e-type=\"widget\" data-widget_type=\"button.default\">\n\t\t\t\t\t\t\t\t\t\t<a class=\"elementor-button elementor-button-link elementor-size-sm\" href=\"https:\/\/www.efficientatwork.nl\/all-job-offers\/\">\n\t\t\t\t\t\t<span class=\"elementor-button-content-wrapper\">\n\t\t\t\t\t\t\t\t\t<span class=\"elementor-button-text\">Formularz rejestracyjny<\/span>\n\t\t\t\t\t<\/span>\n\t\t\t\t\t<\/a>\n\t\t\t\t\t\t\t\t<\/div>\n\t\t\t\t\t<\/div>\n\t\t<\/div>\n\t\t\t\t\t<\/div>\n\t\t<\/section>\n\t\t\t\t<\/div>\n\t\t","protected":false},"excerpt":{"rendered":"<p>Praca Bran\u017ca produkcyjna Skr\u0119canie podzespo\u0142\u00f3w Nasza firma produkcyjna Efficient Projects to firma o wieloletniej tradycji, kt\u00f3ra oferuje r\u00f3\u017cnorodne stanowiska pracy zwi\u0105zane z monta\u017cem ma\u0142ych podzespo\u0142\u00f3w metalowo-plastikowych. Dla naszych pracownik\u00f3w otwieraj\u0105 si\u0119 mo\u017cliwo\u015bci rozwoju i stabilnego zatrudnienia. Do\u0142\u0105czaj\u0105c do naszego zespo\u0142u, b\u0119dziesz mia\u0142 okazj\u0119 zdoby\u0107 cenne do\u015bwiadczenie i rozwija\u0107 umiej\u0119tno\u015bci na stanowiskach pracy, kt\u00f3re maj\u0105 kluczowe [&hellip;]<\/p>\n","protected":false},"author":5,"featured_media":1480,"parent":0,"menu_order":0,"comment_status":"closed","ping_status":"closed","template":"","meta":{"_acf_changed":false,"footnotes":""},"class_list":["post-1276","page","type-page","status-publish","has-post-thumbnail","hentry"],"acf":[],"_links":{"self":[{"href":"https:\/\/www.efficientatwork.nl\/ro\/wp-json\/wp\/v2\/pages\/1276","targetHints":{"allow":["GET"]}}],"collection":[{"href":"https:\/\/www.efficientatwork.nl\/ro\/wp-json\/wp\/v2\/pages"}],"about":[{"href":"https:\/\/www.efficientatwork.nl\/ro\/wp-json\/wp\/v2\/types\/page"}],"author":[{"embeddable":true,"href":"https:\/\/www.efficientatwork.nl\/ro\/wp-json\/wp\/v2\/users\/5"}],"replies":[{"embeddable":true,"href":"https:\/\/www.efficientatwork.nl\/ro\/wp-json\/wp\/v2\/comments?post=1276"}],"version-history":[{"count":44,"href":"https:\/\/www.efficientatwork.nl\/ro\/wp-json\/wp\/v2\/pages\/1276\/revisions"}],"predecessor-version":[{"id":3698,"href":"https:\/\/www.efficientatwork.nl\/ro\/wp-json\/wp\/v2\/pages\/1276\/revisions\/3698"}],"wp:featuredmedia":[{"embeddable":true,"href":"https:\/\/www.efficientatwork.nl\/ro\/wp-json\/wp\/v2\/media\/1480"}],"wp:attachment":[{"href":"https:\/\/www.efficientatwork.nl\/ro\/wp-json\/wp\/v2\/media?parent=1276"}],"curies":[{"name":"wp","href":"https:\/\/api.w.org\/{rel}","templated":true}]}}