{"id":1281,"date":"2023-08-29T08:17:11","date_gmt":"2023-08-29T08:17:11","guid":{"rendered":"https:\/\/eaw.budujemywww.pl\/?page_id=1281"},"modified":"2024-11-13T11:47:50","modified_gmt":"2024-11-13T10:47:50","slug":"alimente","status":"publish","type":"page","link":"https:\/\/www.efficientatwork.nl\/ro\/food\/","title":{"rendered":"Industria alimentar\u0103"},"content":{"rendered":"\t\t<div data-elementor-type=\"wp-page\" data-elementor-id=\"1281\" class=\"elementor elementor-1281\" data-elementor-settings=\"{&quot;ha_cmc_init_switcher&quot;:&quot;no&quot;}\" data-elementor-post-type=\"page\">\n\t\t\t\t\t\t<section class=\"elementor-section elementor-top-section elementor-element elementor-element-406738b elementor-section-boxed elementor-section-height-default elementor-section-height-default\" data-id=\"406738b\" data-element_type=\"section\" data-e-type=\"section\" data-settings=\"{&quot;background_background&quot;:&quot;classic&quot;,&quot;_ha_eqh_enable&quot;:false}\">\n\t\t\t\t\t\t\t<div class=\"elementor-background-overlay\"><\/div>\n\t\t\t\t\t\t\t<div class=\"elementor-container elementor-column-gap-default\">\n\t\t\t\t\t<div class=\"elementor-column elementor-col-100 elementor-top-column elementor-element elementor-element-6056fc26\" data-id=\"6056fc26\" data-element_type=\"column\" data-e-type=\"column\">\n\t\t\t<div class=\"elementor-widget-wrap elementor-element-populated\">\n\t\t\t\t\t\t<div class=\"elementor-element elementor-element-4cc5314f elementor-widget elementor-widget-heading\" data-id=\"4cc5314f\" data-element_type=\"widget\" data-e-type=\"widget\" data-widget_type=\"heading.default\">\n\t\t\t\t\t<h2 class=\"elementor-heading-title elementor-size-default\">Produkcja i Pakowanie<\/h2>\t\t\t\t<\/div>\n\t\t\t\t<div class=\"elementor-element elementor-element-41c83286 elementor-widget elementor-widget-heading\" data-id=\"41c83286\" data-element_type=\"widget\" data-e-type=\"widget\" data-widget_type=\"heading.default\">\n\t\t\t\t\t<h2 class=\"elementor-heading-title elementor-size-default\">Bran\u017ca Spo\u017cywcza<\/h2>\t\t\t\t<\/div>\n\t\t\t\t\t<\/div>\n\t\t<\/div>\n\t\t\t\t\t<\/div>\n\t\t<\/section>\n\t\t\t\t<section class=\"elementor-section elementor-top-section elementor-element elementor-element-355aad18 elementor-section-boxed elementor-section-height-default elementor-section-height-default\" data-id=\"355aad18\" data-element_type=\"section\" data-e-type=\"section\" data-settings=\"{&quot;background_background&quot;:&quot;classic&quot;,&quot;_ha_eqh_enable&quot;:false}\">\n\t\t\t\t\t\t\t<div class=\"elementor-background-overlay\"><\/div>\n\t\t\t\t\t\t\t<div class=\"elementor-container elementor-column-gap-default\">\n\t\t\t\t\t<div class=\"elementor-column elementor-col-50 elementor-top-column elementor-element elementor-element-5ab4af5b\" data-id=\"5ab4af5b\" data-element_type=\"column\" data-e-type=\"column\" data-settings=\"{&quot;background_background&quot;:&quot;classic&quot;}\">\n\t\t\t<div class=\"elementor-widget-wrap elementor-element-populated\">\n\t\t\t\t\t\t<section class=\"elementor-section elementor-inner-section elementor-element elementor-element-7bf3cb49 elementor-section-boxed elementor-section-height-default elementor-section-height-default\" data-id=\"7bf3cb49\" data-element_type=\"section\" data-e-type=\"section\" data-settings=\"{&quot;motion_fx_motion_fx_scrolling&quot;:&quot;yes&quot;,&quot;motion_fx_translateY_effect&quot;:&quot;yes&quot;,&quot;motion_fx_translateY_speed&quot;:{&quot;unit&quot;:&quot;px&quot;,&quot;size&quot;:3,&quot;sizes&quot;:[]},&quot;motion_fx_devices&quot;:[&quot;desktop&quot;,&quot;tablet&quot;],&quot;_ha_eqh_enable&quot;:false,&quot;motion_fx_translateY_affectedRange&quot;:{&quot;unit&quot;:&quot;%&quot;,&quot;size&quot;:&quot;&quot;,&quot;sizes&quot;:{&quot;start&quot;:0,&quot;end&quot;:100}}}\">\n\t\t\t\t\t\t<div class=\"elementor-container elementor-column-gap-default\">\n\t\t\t\t\t<div class=\"elementor-column elementor-col-100 elementor-inner-column elementor-element elementor-element-4f06d341\" data-id=\"4f06d341\" data-element_type=\"column\" data-e-type=\"column\">\n\t\t\t<div class=\"elementor-widget-wrap elementor-element-populated\">\n\t\t\t\t\t\t<div class=\"elementor-element elementor-element-25dc021d elementor-widget elementor-widget-image\" data-id=\"25dc021d\" data-element_type=\"widget\" data-e-type=\"widget\" data-widget_type=\"image.default\">\n\t\t\t\t\t\t\t\t\t\t\t\t\t\t\t<img fetchpriority=\"high\" decoding=\"async\" width=\"1080\" height=\"592\" src=\"https:\/\/www.efficientatwork.nl\/wp-content\/uploads\/2023\/08\/11-e1694518028878.png\" class=\"attachment-full size-full wp-image-1222\" alt=\"\" srcset=\"https:\/\/www.efficientatwork.nl\/wp-content\/uploads\/2023\/08\/11-e1694518028878.png 1080w, https:\/\/www.efficientatwork.nl\/wp-content\/uploads\/2023\/08\/11-e1694518028878-300x164.png 300w, https:\/\/www.efficientatwork.nl\/wp-content\/uploads\/2023\/08\/11-e1694518028878-1024x561.png 1024w, https:\/\/www.efficientatwork.nl\/wp-content\/uploads\/2023\/08\/11-e1694518028878-768x421.png 768w\" sizes=\"(max-width: 1080px) 100vw, 1080px\" title=\"\">\t\t\t\t\t\t\t\t\t\t\t\t\t\t\t<\/div>\n\t\t\t\t\t<\/div>\n\t\t<\/div>\n\t\t\t\t\t<\/div>\n\t\t<\/section>\n\t\t\t\t\t<\/div>\n\t\t<\/div>\n\t\t\t\t<div class=\"elementor-column elementor-col-50 elementor-top-column elementor-element elementor-element-5963c1b\" data-id=\"5963c1b\" data-element_type=\"column\" data-e-type=\"column\">\n\t\t\t<div class=\"elementor-widget-wrap elementor-element-populated\">\n\t\t\t\t\t\t<div class=\"elementor-element elementor-element-7b8e1452 elementor-widget elementor-widget-heading\" data-id=\"7b8e1452\" data-element_type=\"widget\" data-e-type=\"widget\" data-widget_type=\"heading.default\">\n\t\t\t\t\t<h2 class=\"elementor-heading-title elementor-size-default\">Odkryj r\u00f3\u017cnorodno\u015b\u0107 ofert w bran\u017cy \u017cywno\u015bciowej<\/h2>\t\t\t\t<\/div>\n\t\t\t\t<div class=\"elementor-element elementor-element-28c1ad4 elementor-widget elementor-widget-text-editor\" data-id=\"28c1ad4\" data-element_type=\"widget\" data-e-type=\"widget\" data-widget_type=\"text-editor.default\">\n\t\t\t\t\t\t\t\t\t<p>Bran\u017ca \u017cywno\u015bciowa oferuje szereg stanowisk, od produkcji liniowej, przez operator\u00f3w maszyn, po team leader\u00f3w. Mo\u017cesz znale\u017a\u0107 tu idealn\u0105 pozycj\u0119, kt\u00f3ra b\u0119dzie dopasowana do Twoich umiej\u0119tno\u015bci i aspiracji zawodowych. Do\u0142\u0105cz do nas i rozpocznij swoj\u0105 fascynuj\u0105c\u0105 karier\u0119 w nowoczesnych i zautomatyzowanych fabrykach w okolicach Hagi i Rotterdamu.\u00a0<\/p>\t\t\t\t\t\t\t\t<\/div>\n\t\t\t\t<div class=\"elementor-element elementor-element-42b6b4e1 elementor-widget elementor-widget-button\" data-id=\"42b6b4e1\" data-element_type=\"widget\" data-e-type=\"widget\" data-widget_type=\"button.default\">\n\t\t\t\t\t\t\t\t\t\t<a class=\"elementor-button elementor-button-link elementor-size-sm\" href=\"#\">\n\t\t\t\t\t\t<span class=\"elementor-button-content-wrapper\">\n\t\t\t\t\t\t\t\t\t<span class=\"elementor-button-text\">Discover More<\/span>\n\t\t\t\t\t<\/span>\n\t\t\t\t\t<\/a>\n\t\t\t\t\t\t\t\t<\/div>\n\t\t\t\t\t<\/div>\n\t\t<\/div>\n\t\t\t\t\t<\/div>\n\t\t<\/section>\n\t\t\t\t<section class=\"elementor-section elementor-top-section elementor-element elementor-element-16482249 elementor-reverse-mobile elementor-section-boxed elementor-section-height-default elementor-section-height-default\" data-id=\"16482249\" data-element_type=\"section\" data-e-type=\"section\" data-settings=\"{&quot;background_background&quot;:&quot;classic&quot;,&quot;_ha_eqh_enable&quot;:false}\">\n\t\t\t\t\t\t\t<div class=\"elementor-background-overlay\"><\/div>\n\t\t\t\t\t\t\t<div class=\"elementor-container elementor-column-gap-default\">\n\t\t\t\t\t<div class=\"elementor-column elementor-col-50 elementor-top-column elementor-element elementor-element-67548f0d\" data-id=\"67548f0d\" data-element_type=\"column\" data-e-type=\"column\">\n\t\t\t<div class=\"elementor-widget-wrap elementor-element-populated\">\n\t\t\t\t\t\t<div class=\"elementor-element elementor-element-87d2a5a elementor-widget elementor-widget-heading\" data-id=\"87d2a5a\" data-element_type=\"widget\" data-e-type=\"widget\" data-widget_type=\"heading.default\">\n\t\t\t\t\t<h2 class=\"elementor-heading-title elementor-size-default\">Pakowanie produkt\u00f3w mi\u0119snych<\/h2>\t\t\t\t<\/div>\n\t\t\t\t<div class=\"elementor-element elementor-element-149b7034 elementor-widget elementor-widget-text-editor\" data-id=\"149b7034\" data-element_type=\"widget\" data-e-type=\"widget\" data-widget_type=\"text-editor.default\">\n\t\t\t\t\t\t\t\t\t<p>Nasi klienci k\u0142ad\u0105 ogromny nacisk na nowoczesno\u015b\u0107 i innowacje. Tutaj produkcja odbywa si\u0119 w wi\u0119kszo\u015bci przy zautomatyzowanych liniach produkcyjnych, co minimalizuje kontakt z mi\u0119sem i p\u00f3\u0142produktami. Dzi\u0119ki temu zapewniamy najwy\u017csze standardy higieny i bezpiecze\u0144stwa pracy, co ma kluczowe znaczenie w przemy\u015ble spo\u017cywczym.<\/p>\t\t\t\t\t\t\t\t<\/div>\n\t\t\t\t<div class=\"elementor-element elementor-element-4ea197f8 elementor-widget elementor-widget-button\" data-id=\"4ea197f8\" data-element_type=\"widget\" data-e-type=\"widget\" data-widget_type=\"button.default\">\n\t\t\t\t\t\t\t\t\t\t<a class=\"elementor-button elementor-button-link elementor-size-sm\" href=\"#\">\n\t\t\t\t\t\t<span class=\"elementor-button-content-wrapper\">\n\t\t\t\t\t\t\t\t\t<span class=\"elementor-button-text\">Discover More<\/span>\n\t\t\t\t\t<\/span>\n\t\t\t\t\t<\/a>\n\t\t\t\t\t\t\t\t<\/div>\n\t\t\t\t\t<\/div>\n\t\t<\/div>\n\t\t\t\t<div class=\"elementor-column elementor-col-50 elementor-top-column elementor-element elementor-element-efc2c21\" data-id=\"efc2c21\" data-element_type=\"column\" data-e-type=\"column\" data-settings=\"{&quot;background_background&quot;:&quot;classic&quot;}\">\n\t\t\t<div class=\"elementor-widget-wrap elementor-element-populated\">\n\t\t\t\t\t\t<section class=\"elementor-section elementor-inner-section elementor-element elementor-element-87ffca5 elementor-section-boxed elementor-section-height-default elementor-section-height-default\" data-id=\"87ffca5\" data-element_type=\"section\" data-e-type=\"section\" data-settings=\"{&quot;motion_fx_motion_fx_scrolling&quot;:&quot;yes&quot;,&quot;motion_fx_translateY_effect&quot;:&quot;yes&quot;,&quot;motion_fx_translateY_speed&quot;:{&quot;unit&quot;:&quot;px&quot;,&quot;size&quot;:3,&quot;sizes&quot;:[]},&quot;motion_fx_devices&quot;:[&quot;desktop&quot;,&quot;tablet&quot;],&quot;_ha_eqh_enable&quot;:false,&quot;motion_fx_translateY_affectedRange&quot;:{&quot;unit&quot;:&quot;%&quot;,&quot;size&quot;:&quot;&quot;,&quot;sizes&quot;:{&quot;start&quot;:0,&quot;end&quot;:100}}}\">\n\t\t\t\t\t\t<div class=\"elementor-container elementor-column-gap-default\">\n\t\t\t\t\t<div class=\"elementor-column elementor-col-100 elementor-inner-column elementor-element elementor-element-1ab0ab9\" data-id=\"1ab0ab9\" data-element_type=\"column\" data-e-type=\"column\">\n\t\t\t<div class=\"elementor-widget-wrap elementor-element-populated\">\n\t\t\t\t\t\t<div class=\"elementor-element elementor-element-551e549d elementor-widget elementor-widget-image\" data-id=\"551e549d\" data-element_type=\"widget\" data-e-type=\"widget\" data-widget_type=\"image.default\">\n\t\t\t\t\t\t\t\t\t\t\t\t\t\t\t<img decoding=\"async\" width=\"1080\" height=\"592\" src=\"https:\/\/www.efficientatwork.nl\/wp-content\/uploads\/2023\/09\/21.jpg\" class=\"attachment-full size-full wp-image-1446\" alt=\"\" srcset=\"https:\/\/www.efficientatwork.nl\/wp-content\/uploads\/2023\/09\/21.jpg 1080w, https:\/\/www.efficientatwork.nl\/wp-content\/uploads\/2023\/09\/21-300x164.jpg 300w, https:\/\/www.efficientatwork.nl\/wp-content\/uploads\/2023\/09\/21-1024x561.jpg 1024w, https:\/\/www.efficientatwork.nl\/wp-content\/uploads\/2023\/09\/21-768x421.jpg 768w\" sizes=\"(max-width: 1080px) 100vw, 1080px\" title=\"\">\t\t\t\t\t\t\t\t\t\t\t\t\t\t\t<\/div>\n\t\t\t\t\t<\/div>\n\t\t<\/div>\n\t\t\t\t\t<\/div>\n\t\t<\/section>\n\t\t\t\t\t<\/div>\n\t\t<\/div>\n\t\t\t\t\t<\/div>\n\t\t<\/section>\n\t\t\t\t<section class=\"elementor-section elementor-top-section elementor-element elementor-element-0b85380 elementor-section-boxed elementor-section-height-default elementor-section-height-default\" data-id=\"0b85380\" data-element_type=\"section\" data-e-type=\"section\" data-settings=\"{&quot;background_background&quot;:&quot;classic&quot;,&quot;_ha_eqh_enable&quot;:false}\">\n\t\t\t\t\t\t\t<div class=\"elementor-background-overlay\"><\/div>\n\t\t\t\t\t\t\t<div class=\"elementor-container elementor-column-gap-default\">\n\t\t\t\t\t<div class=\"elementor-column elementor-col-50 elementor-top-column elementor-element elementor-element-537310f\" data-id=\"537310f\" data-element_type=\"column\" data-e-type=\"column\" data-settings=\"{&quot;background_background&quot;:&quot;classic&quot;}\">\n\t\t\t<div class=\"elementor-widget-wrap elementor-element-populated\">\n\t\t\t\t\t\t<section class=\"elementor-section elementor-inner-section elementor-element elementor-element-65309e7 elementor-section-boxed elementor-section-height-default elementor-section-height-default\" data-id=\"65309e7\" data-element_type=\"section\" data-e-type=\"section\" data-settings=\"{&quot;motion_fx_motion_fx_scrolling&quot;:&quot;yes&quot;,&quot;motion_fx_translateY_effect&quot;:&quot;yes&quot;,&quot;motion_fx_translateY_speed&quot;:{&quot;unit&quot;:&quot;px&quot;,&quot;size&quot;:3,&quot;sizes&quot;:[]},&quot;motion_fx_devices&quot;:[&quot;desktop&quot;,&quot;tablet&quot;],&quot;_ha_eqh_enable&quot;:false,&quot;motion_fx_translateY_affectedRange&quot;:{&quot;unit&quot;:&quot;%&quot;,&quot;size&quot;:&quot;&quot;,&quot;sizes&quot;:{&quot;start&quot;:0,&quot;end&quot;:100}}}\">\n\t\t\t\t\t\t<div class=\"elementor-container elementor-column-gap-default\">\n\t\t\t\t\t<div class=\"elementor-column elementor-col-100 elementor-inner-column elementor-element elementor-element-41e070e\" data-id=\"41e070e\" data-element_type=\"column\" data-e-type=\"column\">\n\t\t\t<div class=\"elementor-widget-wrap elementor-element-populated\">\n\t\t\t\t\t\t<div class=\"elementor-element elementor-element-1bc2f67 elementor-widget elementor-widget-image\" data-id=\"1bc2f67\" data-element_type=\"widget\" data-e-type=\"widget\" data-widget_type=\"image.default\">\n\t\t\t\t\t\t\t\t\t\t\t\t\t\t\t<img decoding=\"async\" width=\"1080\" height=\"592\" src=\"https:\/\/www.efficientatwork.nl\/wp-content\/uploads\/2023\/09\/20.jpg\" class=\"attachment-full size-full wp-image-1445\" alt=\"\" srcset=\"https:\/\/www.efficientatwork.nl\/wp-content\/uploads\/2023\/09\/20.jpg 1080w, https:\/\/www.efficientatwork.nl\/wp-content\/uploads\/2023\/09\/20-300x164.jpg 300w, https:\/\/www.efficientatwork.nl\/wp-content\/uploads\/2023\/09\/20-1024x561.jpg 1024w, https:\/\/www.efficientatwork.nl\/wp-content\/uploads\/2023\/09\/20-768x421.jpg 768w\" sizes=\"(max-width: 1080px) 100vw, 1080px\" title=\"\">\t\t\t\t\t\t\t\t\t\t\t\t\t\t\t<\/div>\n\t\t\t\t\t<\/div>\n\t\t<\/div>\n\t\t\t\t\t<\/div>\n\t\t<\/section>\n\t\t\t\t\t<\/div>\n\t\t<\/div>\n\t\t\t\t<div class=\"elementor-column elementor-col-50 elementor-top-column elementor-element elementor-element-c769bb3\" data-id=\"c769bb3\" data-element_type=\"column\" data-e-type=\"column\">\n\t\t\t<div class=\"elementor-widget-wrap elementor-element-populated\">\n\t\t\t\t\t\t<div class=\"elementor-element elementor-element-f71bc65 elementor-widget elementor-widget-heading\" data-id=\"f71bc65\" data-element_type=\"widget\" data-e-type=\"widget\" data-widget_type=\"heading.default\">\n\t\t\t\t\t<h2 class=\"elementor-heading-title elementor-size-default\">Operatorzy maszyn<\/h2>\t\t\t\t<\/div>\n\t\t\t\t<div class=\"elementor-element elementor-element-2414322 elementor-widget elementor-widget-text-editor\" data-id=\"2414322\" data-element_type=\"widget\" data-e-type=\"widget\" data-widget_type=\"text-editor.default\">\n\t\t\t\t\t\t\t\t\t<p>Je\u017celi masz aspiracje na wy\u017csze stanowiska lub ju\u017c posiadasz do\u015bwiadczenie jako operator maszyn, to jeste\u015bmy miejscem, gdzie mo\u017cesz si\u0119 rozwija\u0107. W naszych fabrykach poszukujemy r\u00f3wnie\u017c operator\u00f3w linii i maszyn oraz team leader\u00f3w. Jeste\u015bmy przekonani, \u017ce rozw\u00f3j naszych pracownik\u00f3w to klucz do sukcesu, dlatego zach\u0119camy do dzielenia si\u0119 swoimi ambicjami i aspiracjami zawodowymi.\u00a0<\/p>\t\t\t\t\t\t\t\t<\/div>\n\t\t\t\t<div class=\"elementor-element elementor-element-3ec995d elementor-widget elementor-widget-button\" data-id=\"3ec995d\" data-element_type=\"widget\" data-e-type=\"widget\" data-widget_type=\"button.default\">\n\t\t\t\t\t\t\t\t\t\t<a class=\"elementor-button elementor-button-link elementor-size-sm\" href=\"#\">\n\t\t\t\t\t\t<span class=\"elementor-button-content-wrapper\">\n\t\t\t\t\t\t\t\t\t<span class=\"elementor-button-text\">Discover More<\/span>\n\t\t\t\t\t<\/span>\n\t\t\t\t\t<\/a>\n\t\t\t\t\t\t\t\t<\/div>\n\t\t\t\t\t<\/div>\n\t\t<\/div>\n\t\t\t\t\t<\/div>\n\t\t<\/section>\n\t\t\t\t<section class=\"elementor-section elementor-top-section elementor-element elementor-element-1deb771f elementor-section-boxed elementor-section-height-default elementor-section-height-default\" data-id=\"1deb771f\" data-element_type=\"section\" data-e-type=\"section\" data-settings=\"{&quot;background_background&quot;:&quot;classic&quot;,&quot;_ha_eqh_enable&quot;:false}\">\n\t\t\t\t\t\t\t<div class=\"elementor-background-overlay\"><\/div>\n\t\t\t\t\t\t\t<div class=\"elementor-container elementor-column-gap-default\">\n\t\t\t\t\t<div class=\"elementor-column elementor-col-100 elementor-top-column elementor-element elementor-element-629dbe71\" data-id=\"629dbe71\" data-element_type=\"column\" data-e-type=\"column\">\n\t\t\t<div class=\"elementor-widget-wrap elementor-element-populated\">\n\t\t\t\t\t\t<div class=\"elementor-element elementor-element-203e2601 elementor-widget elementor-widget-heading\" data-id=\"203e2601\" data-element_type=\"widget\" data-e-type=\"widget\" data-widget_type=\"heading.default\">\n\t\t\t\t\t<h2 class=\"elementor-heading-title elementor-size-default\">Szukasz pracy w tym sektorze?<\/h2>\t\t\t\t<\/div>\n\t\t\t\t<div class=\"elementor-element elementor-element-4f1252ce elementor-widget elementor-widget-text-editor\" data-id=\"4f1252ce\" data-element_type=\"widget\" data-e-type=\"widget\" data-widget_type=\"text-editor.default\">\n\t\t\t\t\t\t\t\t\t<p>Wype\u0142nij szybki formularz pod wybran\u0105 przez siebie ofert\u0105.&nbsp;&nbsp;<\/p>\n<p>Nasz rekruter odezwie si\u0119 do Ciebie tak szybko, jak to mo\u017cliwe.&nbsp;<\/p>\t\t\t\t\t\t\t\t<\/div>\n\t\t\t\t<div class=\"elementor-element elementor-element-40b07683 elementor-align-center elementor-widget elementor-widget-button\" data-id=\"40b07683\" data-element_type=\"widget\" data-e-type=\"widget\" data-widget_type=\"button.default\">\n\t\t\t\t\t\t\t\t\t\t<a class=\"elementor-button elementor-button-link elementor-size-sm\" href=\"https:\/\/www.efficientatwork.nl\/formularz-rejestracyjny\/\">\n\t\t\t\t\t\t<span class=\"elementor-button-content-wrapper\">\n\t\t\t\t\t\t\t\t\t<span class=\"elementor-button-text\">Formularz rejestracyjny<\/span>\n\t\t\t\t\t<\/span>\n\t\t\t\t\t<\/a>\n\t\t\t\t\t\t\t\t<\/div>\n\t\t\t\t\t<\/div>\n\t\t<\/div>\n\t\t\t\t\t<\/div>\n\t\t<\/section>\n\t\t\t\t<\/div>\n\t\t","protected":false},"excerpt":{"rendered":"<p>Produkcja i Pakowanie Bran\u017ca Spo\u017cywcza Odkryj r\u00f3\u017cnorodno\u015b\u0107 ofert w bran\u017cy \u017cywno\u015bciowej Bran\u017ca \u017cywno\u015bciowa oferuje szereg stanowisk, od produkcji liniowej, przez operator\u00f3w maszyn, po team leader\u00f3w. Mo\u017cesz znale\u017a\u0107 tu idealn\u0105 pozycj\u0119, kt\u00f3ra b\u0119dzie dopasowana do Twoich umiej\u0119tno\u015bci i aspiracji zawodowych. Do\u0142\u0105cz do nas i rozpocznij swoj\u0105 fascynuj\u0105c\u0105 karier\u0119 w nowoczesnych i zautomatyzowanych fabrykach w okolicach Hagi [&hellip;]<\/p>\n","protected":false},"author":5,"featured_media":0,"parent":0,"menu_order":0,"comment_status":"closed","ping_status":"closed","template":"","meta":{"_acf_changed":false,"footnotes":""},"class_list":["post-1281","page","type-page","status-publish","hentry"],"acf":[],"_links":{"self":[{"href":"https:\/\/www.efficientatwork.nl\/ro\/wp-json\/wp\/v2\/pages\/1281","targetHints":{"allow":["GET"]}}],"collection":[{"href":"https:\/\/www.efficientatwork.nl\/ro\/wp-json\/wp\/v2\/pages"}],"about":[{"href":"https:\/\/www.efficientatwork.nl\/ro\/wp-json\/wp\/v2\/types\/page"}],"author":[{"embeddable":true,"href":"https:\/\/www.efficientatwork.nl\/ro\/wp-json\/wp\/v2\/users\/5"}],"replies":[{"embeddable":true,"href":"https:\/\/www.efficientatwork.nl\/ro\/wp-json\/wp\/v2\/comments?post=1281"}],"version-history":[{"count":35,"href":"https:\/\/www.efficientatwork.nl\/ro\/wp-json\/wp\/v2\/pages\/1281\/revisions"}],"predecessor-version":[{"id":4668,"href":"https:\/\/www.efficientatwork.nl\/ro\/wp-json\/wp\/v2\/pages\/1281\/revisions\/4668"}],"wp:attachment":[{"href":"https:\/\/www.efficientatwork.nl\/ro\/wp-json\/wp\/v2\/media?parent=1281"}],"curies":[{"name":"wp","href":"https:\/\/api.w.org\/{rel}","templated":true}]}}