{"id":672,"date":"2022-11-14T06:20:54","date_gmt":"2022-11-14T06:20:54","guid":{"rendered":"https:\/\/eaw.budujemywww.pl\/?page_id=672"},"modified":"2024-02-05T13:25:57","modified_gmt":"2024-02-05T12:25:57","slug":"privacybeleid","status":"publish","type":"page","link":"https:\/\/www.efficientatwork.nl\/ro\/privacybeleid\/","title":{"rendered":"Politica de confiden\u021bialitate"},"content":{"rendered":"<div data-elementor-type=\"wp-page\" data-elementor-id=\"672\" class=\"elementor elementor-672\" data-elementor-settings=\"{&quot;ha_cmc_init_switcher&quot;:&quot;no&quot;}\" data-elementor-post-type=\"page\">\n\t\t\t\t\t\t<section class=\"elementor-section elementor-top-section elementor-element elementor-element-1e4d8f4 elementor-section-boxed elementor-section-height-default elementor-section-height-default\" data-id=\"1e4d8f4\" data-element_type=\"section\" data-e-type=\"section\" data-settings=\"{&quot;background_background&quot;:&quot;classic&quot;,&quot;_ha_eqh_enable&quot;:false}\">\n\t\t\t\t\t\t\t<div class=\"elementor-background-overlay\"><\/div>\n\t\t\t\t\t\t\t<div class=\"elementor-container elementor-column-gap-default\">\n\t\t\t\t\t<div class=\"elementor-column elementor-col-100 elementor-top-column elementor-element elementor-element-a05a61c\" data-id=\"a05a61c\" data-element_type=\"column\" data-e-type=\"column\">\n\t\t\t<div class=\"elementor-widget-wrap elementor-element-populated\">\n\t\t\t\t\t\t<section class=\"elementor-section elementor-inner-section elementor-element elementor-element-e85dd72 elementor-section-boxed elementor-section-height-default elementor-section-height-default\" data-id=\"e85dd72\" data-element_type=\"section\" data-e-type=\"section\" data-settings=\"{&quot;_ha_eqh_enable&quot;:false}\">\n\t\t\t\t\t\t<div class=\"elementor-container elementor-column-gap-default\">\n\t\t\t\t\t<div class=\"elementor-column elementor-col-50 elementor-inner-column elementor-element elementor-element-e2eea9a\" data-id=\"e2eea9a\" data-element_type=\"column\" data-e-type=\"column\">\n\t\t\t<div class=\"elementor-widget-wrap\">\n\t\t\t\t\t\t\t<\/div>\n\t\t<\/div>\n\t\t\t\t<div class=\"elementor-column elementor-col-50 elementor-inner-column elementor-element elementor-element-2702040\" data-id=\"2702040\" data-element_type=\"column\" data-e-type=\"column\">\n\t\t\t<div class=\"elementor-widget-wrap\">\n\t\t\t\t\t\t\t<\/div>\n\t\t<\/div>\n\t\t\t\t\t<\/div>\n\t\t<\/section>\n\t\t\t\t\t<\/div>\n\t\t<\/div>\n\t\t\t\t\t<\/div>\n\t\t<\/section>\n\t\t\t\t<section class=\"elementor-section elementor-top-section elementor-element elementor-element-708ba53 elementor-section-boxed elementor-section-height-default elementor-section-height-default\" data-id=\"708ba53\" data-element_type=\"section\" data-e-type=\"section\" data-settings=\"{&quot;background_background&quot;:&quot;classic&quot;,&quot;_ha_eqh_enable&quot;:false}\">\n\t\t\t\t\t\t<div class=\"elementor-container elementor-column-gap-default\">\n\t\t\t\t\t<div class=\"elementor-column elementor-col-100 elementor-top-column elementor-element elementor-element-2d944e9\" data-id=\"2d944e9\" data-element_type=\"column\" data-e-type=\"column\">\n\t\t\t<div class=\"elementor-widget-wrap elementor-element-populated\">\n\t\t\t\t\t\t<div class=\"elementor-element elementor-element-77740a8 elementor-widget__width-initial elementor-widget elementor-widget-text-editor\" data-id=\"77740a8\" data-element_type=\"widget\" data-e-type=\"widget\" data-widget_type=\"text-editor.default\">\n\t\t\t\t\t\t\t\t\t<h5 class=\"section-title\">Privacybeleid:<\/h5><p>Site-ul web a fost creat \u0219i este gestionat de Efficient at work. Efficient at work respect\u0103 via\u021ba privat\u0103 a tuturor utilizatorilor site-ului s\u0103u web \u0219i se asigur\u0103 c\u0103 informa\u021biile personale pe care le de\u021bine\u021bi \u00een mod ocazional pe site vor fi p\u0103strate \u00een mod legal \u0219i \u00een conformitate cu prevederile Wet Bescherming Persoonsgegegevens.<\/p><h5>Lucrul de persoonsgegevens<\/h5><p>La vizionarea site-ului web, anumite informa\u021bii tehnice sunt transmise automat de la computerul dvs. la computerele noastre, cum ar fi adresele IP, sistemul de testare, browserul de internet utilizat \u0219i (\u00een unele cazuri) cea mai recent\u0103 pagin\u0103 de internet pe care a\u021bi accesat-o. De asemenea, vor fi verificate datele personale pe care le-a\u021bi furnizat \u00een mod activ, cum ar fi numele dvs., datele de contact \u0219i num\u0103rul de \u00eenmatriculare.<\/p><h5>Doeleinden verwerking<\/h5><p>De persoonsgegevens die door u worden verstrekt, worden uitsluitend gebruikt voor de volgende doeleinden:<\/p><ul><li>pentru a fi \u00een contact cu dvs;<\/li><li>pentru a v\u0103 informa cu privire la noile produse \u0219i \/ sau la beneficiile Efficient la locul de munc\u0103;<\/li><li>modernizarea site-ului web \u0219i a serviciilor Efficient at work;<\/li><li>\u00eembog\u0103\u021birea marc\u0103rii cu ajutorul Efficientului la locul de munc\u0103.<\/li><li>\u00cen cazul \u00een care Efficient at work nu mai este \u00een m\u0103sur\u0103 s\u0103 v\u0103 ajute \u00een acest sens, v\u0103 rug\u0103m s\u0103 ne contacta\u021bi. Die toestemming kan blijken uit het enkele feit dat u al dan niet per e-mail een vraag aan Efficient at work stelt.<\/li><\/ul><h5>Insufla\u021bii electronice<\/h5><p>U kunt zich via de Website opgeven als abonnee voor de door Efficient at work verzorgde elektronische nieuwsbrief. Onderaan iedere nieuwsbrief treft u een hyperlink waarmee u zich eenvoudig kunt uitschrijven voor ontvangst van de nieuwsbrief.<\/p><h5><span style=\"text-decoration: underline;\"><strong>Disclaimer:<\/strong><\/span><\/h5><p>Ondanks de voortdurende zorg en aandacht die wij aan deze website besteden, is het mogelijk dat de informatie die op deze website wordt gepubliceerd onvolledig c.q. onjuist is. Gebruik van enige informatie verkregen middels deze website gebeurt voor risico van de gebruiker.<\/p><p>Informa\u021biile de pe site-ul web vor fi \u0219terse periodic, iar eventualele modific\u0103ri vor putea fi aduse la cuno\u0219tin\u021b\u0103 \u00een orice moment, \u00een cazul \u00een care nu sunt disponibile \u00een mod corespunz\u0103tor \u0219i \u00een func\u021bie de o anumit\u0103 situa\u021bie.<\/p><p>Een bezoeker van de website mag geen opgeslagen informatie openbaar maken of op enige wijze verveelvoudigen zonder toestemming van ons. Hieronder wordt tevens verstaan het verveelvoudigen van informatie en of delen daarvan door de publicatie op een elektronisch (computer-)netwerk.<\/p><p>Wij sluiten alle aansprakelijkheid uit voor enigerlei schade, direct of indirect, van welke aard dan ook, die voortvloeit uit of in enig opzicht verband houdt met het gebruik van deze website en of de informatie, of met de tijdelijke onmogelijkheid om de site en of de informatie te kunnen raadplegen. Daarnaast zijn wij niet aansprakelijk voor schade, directe of indirect die het gevolg is van het gebruik van informatie die door middel van de site verkregen is.<\/p><p>Site-ul este conform cu Algemene Verordening Gegevensbescherming. Persoonsgegevens die worden opgegeven zullen niet worden gebruikt voor marketingdoeleinden of worden doorverkocht aan dergelijke instanties, met uitzondering van verzoeken van een offici\u00eble instantie indien daar gegronde redenen voor zijn, zoals overtredingen van wetten.<\/p><p>\u00a0<\/p>\t\t\t\t\t\t\t\t<\/div>\n\t\t\t\t\t<\/div>\n\t\t<\/div>\n\t\t\t\t\t<\/div>\n\t\t<\/section>\n\t\t\t\t<\/div>","protected":false},"excerpt":{"rendered":"<p>Privacybeleid: De Website is eigendom van en wordt beheerd door Efficient at work. Efficient at work respecteert de privacy van alle gebruikers van haar website en draagt er zorg voor dat de persoonlijke informatie die u eventueel aan haar verstrekt, vertrouwelijk en in overeenstemming met de Wet Bescherming Persoonsgegevens wordt behandeld. Verwerking van persoonsgegevens Bij [&hellip;]<\/p>\n","protected":false},"author":5,"featured_media":0,"parent":0,"menu_order":0,"comment_status":"closed","ping_status":"closed","template":"","meta":{"_acf_changed":false,"footnotes":""},"class_list":["post-672","page","type-page","status-publish","hentry"],"acf":[],"_links":{"self":[{"href":"https:\/\/www.efficientatwork.nl\/ro\/wp-json\/wp\/v2\/pages\/672","targetHints":{"allow":["GET"]}}],"collection":[{"href":"https:\/\/www.efficientatwork.nl\/ro\/wp-json\/wp\/v2\/pages"}],"about":[{"href":"https:\/\/www.efficientatwork.nl\/ro\/wp-json\/wp\/v2\/types\/page"}],"author":[{"embeddable":true,"href":"https:\/\/www.efficientatwork.nl\/ro\/wp-json\/wp\/v2\/users\/5"}],"replies":[{"embeddable":true,"href":"https:\/\/www.efficientatwork.nl\/ro\/wp-json\/wp\/v2\/comments?post=672"}],"version-history":[{"count":12,"href":"https:\/\/www.efficientatwork.nl\/ro\/wp-json\/wp\/v2\/pages\/672\/revisions"}],"predecessor-version":[{"id":2286,"href":"https:\/\/www.efficientatwork.nl\/ro\/wp-json\/wp\/v2\/pages\/672\/revisions\/2286"}],"wp:attachment":[{"href":"https:\/\/www.efficientatwork.nl\/ro\/wp-json\/wp\/v2\/media?parent=672"}],"curies":[{"name":"wp","href":"https:\/\/api.w.org\/{rel}","templated":true}]}}